{"id":10289,"date":"2022-03-24T18:05:05","date_gmt":"2022-03-24T17:05:05","guid":{"rendered":"http:\/\/global-meubles.be\/fr\/?post_type=product&#038;p=10289"},"modified":"2023-07-01T14:46:16","modified_gmt":"2023-07-01T12:46:16","slug":"kingston-plus","status":"publish","type":"product","link":"http:\/\/global-meubles.be\/fr\/produit\/kingston-plus\/","title":{"rendered":"Kingston plus"},"content":{"rendered":"<p>T\u00eate de lit luxueuse en 2 parties avec chemin\u00e9e d\u00e9corative<\/p>\n<p>Coffre de rangement en m\u00e9tal H 28 cm<\/p>\n<p>Matelas H 30 cm 5-tours ressort Bonnell avec HR Foam<\/p>\n<p>5 pieds ronds par coffre H 10 cm<\/p>\n<p>Recommand\u00e9 jusqu\u2019\u00e0 100 kg (par c\u00f4t\u00e9)<\/p>\n<p>T\u00eate de lit 160\u00d7200 cm L 253 cm H 162 cm P 23 cm<\/p>\n<p>T\u00eate de lit 180\u00d7200 cm L 273 cm H 162 cm P 23 cm<\/p>\n<p>Accessoires : Chevet L 55 cm H 67 cm P 47 cm<\/p>\n<p>Coffre L 160 \/ 180 cm H 55 cm P 43 cm<\/p>\n<p>Coloris : Bronze<\/p>\n<p>&nbsp;<\/p>\n","protected":false},"excerpt":{"rendered":"<p>Lit coffre avec matelas<\/p>\n<p>160\u00d7200 cm<\/p>\n","protected":false},"featured_media":10291,"comment_status":"open","ping_status":"closed","template":"","meta":[],"product_brand":[],"product_cat":[141,140],"product_tag":[],"class_list":{"0":"post-10289","1":"product","2":"type-product","3":"status-publish","4":"has-post-thumbnail","6":"product_cat-lit-2-personnes","7":"product_cat-literie","9":"first","10":"instock","11":"shipping-taxable","12":"purchasable","13":"product-type-simple"},"jetpack_sharing_enabled":true,"_links":{"self":[{"href":"http:\/\/global-meubles.be\/fr\/wp-json\/wp\/v2\/product\/10289","targetHints":{"allow":["GET"]}}],"collection":[{"href":"http:\/\/global-meubles.be\/fr\/wp-json\/wp\/v2\/product"}],"about":[{"href":"http:\/\/global-meubles.be\/fr\/wp-json\/wp\/v2\/types\/product"}],"replies":[{"embeddable":true,"href":"http:\/\/global-meubles.be\/fr\/wp-json\/wp\/v2\/comments?post=10289"}],"wp:featuredmedia":[{"embeddable":true,"href":"http:\/\/global-meubles.be\/fr\/wp-json\/wp\/v2\/media\/10291"}],"wp:attachment":[{"href":"http:\/\/global-meubles.be\/fr\/wp-json\/wp\/v2\/media?parent=10289"}],"wp:term":[{"taxonomy":"product_brand","embeddable":true,"href":"http:\/\/global-meubles.be\/fr\/wp-json\/wp\/v2\/product_brand?post=10289"},{"taxonomy":"product_cat","embeddable":true,"href":"http:\/\/global-meubles.be\/fr\/wp-json\/wp\/v2\/product_cat?post=10289"},{"taxonomy":"product_tag","embeddable":true,"href":"http:\/\/global-meubles.be\/fr\/wp-json\/wp\/v2\/product_tag?post=10289"}],"curies":[{"name":"wp","href":"https:\/\/api.w.org\/{rel}","templated":true}]}}