{"id":10606,"date":"2022-03-26T12:04:43","date_gmt":"2022-03-26T11:04:43","guid":{"rendered":"http:\/\/global-meubles.be\/fr\/?post_type=product&#038;p=10606"},"modified":"2025-03-11T14:32:06","modified_gmt":"2025-03-11T13:32:06","slug":"palermo-gris","status":"publish","type":"product","link":"http:\/\/global-meubles.be\/fr\/produit\/palermo-gris\/","title":{"rendered":"Palermo gris"},"content":{"rendered":"<p>Dimension :<\/p>\n<p>160\u00d7200 cm \u2013 180\u00d7200 cm<\/p>\n<p>T\u00eate de lit luxueuse\u00a0 H 130 cm<\/p>\n<p>Coffre de rangement en m\u00e9tal H 28 cm<\/p>\n<p>Matelas H 28 cm 5-tours ressort Bonnell avec SG Foam<\/p>\n<p>5 pieds ronds par coffre H 10 cm<\/p>\n<p>Recommand\u00e9 jusqu\u2019\u00e0 100 kg (par c\u00f4t\u00e9)<\/p>\n<p>Accessoires : Chevet L 41 cm H 60 cm P 44 cm<\/p>\n<p>Coffre L 140 cm H 50 cm P 43 cm<\/p>\n<p>Matelas en option<\/p>\n<p>Coloris : Gris<\/p>\n","protected":false},"excerpt":{"rendered":"<p>Lit coffre<\/p>\n<p>160\u00d7200 cm<\/p>\n","protected":false},"featured_media":10607,"comment_status":"open","ping_status":"closed","template":"","meta":[],"product_brand":[],"product_cat":[141,140],"product_tag":[],"class_list":{"0":"post-10606","1":"product","2":"type-product","3":"status-publish","4":"has-post-thumbnail","6":"product_cat-lit-2-personnes","7":"product_cat-literie","9":"first","10":"instock","11":"shipping-taxable","12":"purchasable","13":"product-type-simple"},"jetpack_sharing_enabled":true,"_links":{"self":[{"href":"http:\/\/global-meubles.be\/fr\/wp-json\/wp\/v2\/product\/10606","targetHints":{"allow":["GET"]}}],"collection":[{"href":"http:\/\/global-meubles.be\/fr\/wp-json\/wp\/v2\/product"}],"about":[{"href":"http:\/\/global-meubles.be\/fr\/wp-json\/wp\/v2\/types\/product"}],"replies":[{"embeddable":true,"href":"http:\/\/global-meubles.be\/fr\/wp-json\/wp\/v2\/comments?post=10606"}],"wp:featuredmedia":[{"embeddable":true,"href":"http:\/\/global-meubles.be\/fr\/wp-json\/wp\/v2\/media\/10607"}],"wp:attachment":[{"href":"http:\/\/global-meubles.be\/fr\/wp-json\/wp\/v2\/media?parent=10606"}],"wp:term":[{"taxonomy":"product_brand","embeddable":true,"href":"http:\/\/global-meubles.be\/fr\/wp-json\/wp\/v2\/product_brand?post=10606"},{"taxonomy":"product_cat","embeddable":true,"href":"http:\/\/global-meubles.be\/fr\/wp-json\/wp\/v2\/product_cat?post=10606"},{"taxonomy":"product_tag","embeddable":true,"href":"http:\/\/global-meubles.be\/fr\/wp-json\/wp\/v2\/product_tag?post=10606"}],"curies":[{"name":"wp","href":"https:\/\/api.w.org\/{rel}","templated":true}]}}