{"id":10730,"date":"2022-03-26T13:45:16","date_gmt":"2022-03-26T12:45:16","guid":{"rendered":"http:\/\/global-meubles.be\/fr\/?post_type=product&#038;p=10730"},"modified":"2022-03-26T13:50:05","modified_gmt":"2022-03-26T12:50:05","slug":"romeo","status":"publish","type":"product","link":"http:\/\/global-meubles.be\/fr\/produit\/romeo\/","title":{"rendered":"Romeo"},"content":{"rendered":"<p>Dimension : 90\u00d7200 cm<\/p>\n<p>T\u00eate de lit luxueuse\u00a0 H 130 cm<\/p>\n<p>Coffre de rangement en m\u00e9tal H 28 cm<\/p>\n<p>Matelas H 28 cm 5-tours ressort Bonnell avec SG Foam<\/p>\n<p>5 pieds ronds par coffre H 10 cm<\/p>\n<p>Recommand\u00e9 jusqu\u2019\u00e0 100 kg (par c\u00f4t\u00e9)<\/p>\n<p>Accessoires : Chevet L 41 cm H 60 cm P 44 cm<\/p>\n<p>Coffre L 76 cm H 50 cm P 43 cm<\/p>\n<p>Matelas en option<\/p>\n<p>Coloris : Gris<\/p>\n","protected":false},"excerpt":{"rendered":"<p>Lit coffre<\/p>\n<p>90\u00d7200 cm<\/p>\n","protected":false},"featured_media":10731,"comment_status":"open","ping_status":"closed","template":"","meta":[],"product_brand":[],"product_cat":[142,140],"product_tag":[],"class_list":{"0":"post-10730","1":"product","2":"type-product","3":"status-publish","4":"has-post-thumbnail","6":"product_cat-lit-1-personne","7":"product_cat-literie","9":"first","10":"instock","11":"shipping-taxable","12":"purchasable","13":"product-type-simple"},"jetpack_sharing_enabled":true,"_links":{"self":[{"href":"http:\/\/global-meubles.be\/fr\/wp-json\/wp\/v2\/product\/10730","targetHints":{"allow":["GET"]}}],"collection":[{"href":"http:\/\/global-meubles.be\/fr\/wp-json\/wp\/v2\/product"}],"about":[{"href":"http:\/\/global-meubles.be\/fr\/wp-json\/wp\/v2\/types\/product"}],"replies":[{"embeddable":true,"href":"http:\/\/global-meubles.be\/fr\/wp-json\/wp\/v2\/comments?post=10730"}],"wp:featuredmedia":[{"embeddable":true,"href":"http:\/\/global-meubles.be\/fr\/wp-json\/wp\/v2\/media\/10731"}],"wp:attachment":[{"href":"http:\/\/global-meubles.be\/fr\/wp-json\/wp\/v2\/media?parent=10730"}],"wp:term":[{"taxonomy":"product_brand","embeddable":true,"href":"http:\/\/global-meubles.be\/fr\/wp-json\/wp\/v2\/product_brand?post=10730"},{"taxonomy":"product_cat","embeddable":true,"href":"http:\/\/global-meubles.be\/fr\/wp-json\/wp\/v2\/product_cat?post=10730"},{"taxonomy":"product_tag","embeddable":true,"href":"http:\/\/global-meubles.be\/fr\/wp-json\/wp\/v2\/product_tag?post=10730"}],"curies":[{"name":"wp","href":"https:\/\/api.w.org\/{rel}","templated":true}]}}