{"id":10809,"date":"2022-03-26T15:31:54","date_gmt":"2022-03-26T14:31:54","guid":{"rendered":"http:\/\/global-meubles.be\/fr\/?post_type=product&#038;p=10809"},"modified":"2025-05-25T22:06:09","modified_gmt":"2025-05-25T20:06:09","slug":"parijs","status":"publish","type":"product","link":"http:\/\/global-meubles.be\/fr\/produit\/parijs\/","title":{"rendered":"Parijs"},"content":{"rendered":"<p>Dimension :<\/p>\n<p>140\u00d7200 cm \u2013 160\u00d7200 cm \u2013 180\u00d7200 cm<\/p>\n<p>T\u00eate de lit en tissu\u00a0 H 116 cm<\/p>\n<p>Box dure co-durcie H 22 cm<\/p>\n<p>Matelas H 18 cm 5-tours ressort Bonnell avec SG Foam<\/p>\n<p>Surmatelas HR 30 topper H 6 cm<\/p>\n<p>4 pieds ronds par box H 15 cm<\/p>\n<p>Recommand\u00e9 jusqu\u2019\u00e0 95 kg (par c\u00f4t\u00e9)<\/p>\n<p>Coloris : Gris &#8211; Noir &#8211; Beige<\/p>\n","protected":false},"excerpt":{"rendered":"<p>Lit boxspring<\/p>\n<p>140&#215;200 cm<\/p>\n","protected":false},"featured_media":10826,"comment_status":"open","ping_status":"closed","template":"","meta":[],"product_brand":[],"product_cat":[141,140],"product_tag":[],"class_list":{"0":"post-10809","1":"product","2":"type-product","3":"status-publish","4":"has-post-thumbnail","6":"product_cat-lit-2-personnes","7":"product_cat-literie","9":"first","10":"instock","11":"shipping-taxable","12":"purchasable","13":"product-type-simple"},"jetpack_sharing_enabled":true,"_links":{"self":[{"href":"http:\/\/global-meubles.be\/fr\/wp-json\/wp\/v2\/product\/10809","targetHints":{"allow":["GET"]}}],"collection":[{"href":"http:\/\/global-meubles.be\/fr\/wp-json\/wp\/v2\/product"}],"about":[{"href":"http:\/\/global-meubles.be\/fr\/wp-json\/wp\/v2\/types\/product"}],"replies":[{"embeddable":true,"href":"http:\/\/global-meubles.be\/fr\/wp-json\/wp\/v2\/comments?post=10809"}],"wp:featuredmedia":[{"embeddable":true,"href":"http:\/\/global-meubles.be\/fr\/wp-json\/wp\/v2\/media\/10826"}],"wp:attachment":[{"href":"http:\/\/global-meubles.be\/fr\/wp-json\/wp\/v2\/media?parent=10809"}],"wp:term":[{"taxonomy":"product_brand","embeddable":true,"href":"http:\/\/global-meubles.be\/fr\/wp-json\/wp\/v2\/product_brand?post=10809"},{"taxonomy":"product_cat","embeddable":true,"href":"http:\/\/global-meubles.be\/fr\/wp-json\/wp\/v2\/product_cat?post=10809"},{"taxonomy":"product_tag","embeddable":true,"href":"http:\/\/global-meubles.be\/fr\/wp-json\/wp\/v2\/product_tag?post=10809"}],"curies":[{"name":"wp","href":"https:\/\/api.w.org\/{rel}","templated":true}]}}