{"id":10851,"date":"2022-03-26T16:33:59","date_gmt":"2022-03-26T15:33:59","guid":{"rendered":"http:\/\/global-meubles.be\/fr\/?post_type=product&#038;p=10851"},"modified":"2022-04-23T12:29:51","modified_gmt":"2022-04-23T10:29:51","slug":"scott","status":"publish","type":"product","link":"http:\/\/global-meubles.be\/fr\/produit\/scott\/","title":{"rendered":"Scott"},"content":{"rendered":"<p>Dimension :<\/p>\n<p>90\u00d7200 cm \u2013 120\u00d7200 cm \u2013 140\u00d7200 cm \u2013 160\u00d7200 cm \u2013 180\u00d7200 cm<\/p>\n<p>Caract\u00e9ristique :<\/p>\n<p>5-tours ressort Bonnel avec 5 cm HR Foam<\/p>\n<p>Surmatelas amovible<\/p>\n<p>Housse 100 % polyester avec 4 poign\u00e9es<\/p>\n<p>Recommand\u00e9 jusqu\u2019\u00e0 100 kg (par c\u00f4t\u00e9)<\/p>\n<p>Hauteur 32 cm<\/p>\n<p>Confort Medium<\/p>\n","protected":false},"excerpt":{"rendered":"<p>Matelas 160\u00d7200 cm<\/p>\n","protected":false},"featured_media":10852,"comment_status":"open","ping_status":"closed","template":"","meta":[],"product_brand":[],"product_cat":[140,152],"product_tag":[],"class_list":{"0":"post-10851","1":"product","2":"type-product","3":"status-publish","4":"has-post-thumbnail","6":"product_cat-literie","7":"product_cat-matelas","9":"first","10":"instock","11":"shipping-taxable","12":"purchasable","13":"product-type-simple"},"jetpack_sharing_enabled":true,"_links":{"self":[{"href":"http:\/\/global-meubles.be\/fr\/wp-json\/wp\/v2\/product\/10851","targetHints":{"allow":["GET"]}}],"collection":[{"href":"http:\/\/global-meubles.be\/fr\/wp-json\/wp\/v2\/product"}],"about":[{"href":"http:\/\/global-meubles.be\/fr\/wp-json\/wp\/v2\/types\/product"}],"replies":[{"embeddable":true,"href":"http:\/\/global-meubles.be\/fr\/wp-json\/wp\/v2\/comments?post=10851"}],"wp:featuredmedia":[{"embeddable":true,"href":"http:\/\/global-meubles.be\/fr\/wp-json\/wp\/v2\/media\/10852"}],"wp:attachment":[{"href":"http:\/\/global-meubles.be\/fr\/wp-json\/wp\/v2\/media?parent=10851"}],"wp:term":[{"taxonomy":"product_brand","embeddable":true,"href":"http:\/\/global-meubles.be\/fr\/wp-json\/wp\/v2\/product_brand?post=10851"},{"taxonomy":"product_cat","embeddable":true,"href":"http:\/\/global-meubles.be\/fr\/wp-json\/wp\/v2\/product_cat?post=10851"},{"taxonomy":"product_tag","embeddable":true,"href":"http:\/\/global-meubles.be\/fr\/wp-json\/wp\/v2\/product_tag?post=10851"}],"curies":[{"name":"wp","href":"https:\/\/api.w.org\/{rel}","templated":true}]}}