{"id":10951,"date":"2022-03-28T15:15:21","date_gmt":"2022-03-28T13:15:21","guid":{"rendered":"http:\/\/global-meubles.be\/fr\/?post_type=product&#038;p=10951"},"modified":"2022-09-14T15:31:54","modified_gmt":"2022-09-14T13:31:54","slug":"kendrik","status":"publish","type":"product","link":"http:\/\/global-meubles.be\/fr\/produit\/kendrik\/","title":{"rendered":"Kendrik"},"content":{"rendered":"<p>Salon U fixe<\/p>\n<p>2 Angle 2 + Chaise longue ou Chaise longue + 2 A 2<\/p>\n<p>T\u00eati\u00e8res r\u00e9glables<br \/>\nDimension : 310 x 248 x 178 cm<br \/>\nColoris :\u00a0 Tissu Anthracite &#8211; Gris souris &#8211; Chocolat &#8211; Beige<\/p>\n<p>&nbsp;<\/p>\n","protected":false},"excerpt":{"rendered":"<p>Salon U<\/p>\n","protected":false},"featured_media":11021,"comment_status":"open","ping_status":"closed","template":"","meta":[],"product_brand":[],"product_cat":[127,154],"product_tag":[],"class_list":{"0":"post-10951","1":"product","2":"type-product","3":"status-publish","4":"has-post-thumbnail","6":"product_cat-salon","7":"product_cat-salon-dangle","9":"first","10":"instock","11":"shipping-taxable","12":"purchasable","13":"product-type-simple"},"jetpack_sharing_enabled":true,"_links":{"self":[{"href":"http:\/\/global-meubles.be\/fr\/wp-json\/wp\/v2\/product\/10951","targetHints":{"allow":["GET"]}}],"collection":[{"href":"http:\/\/global-meubles.be\/fr\/wp-json\/wp\/v2\/product"}],"about":[{"href":"http:\/\/global-meubles.be\/fr\/wp-json\/wp\/v2\/types\/product"}],"replies":[{"embeddable":true,"href":"http:\/\/global-meubles.be\/fr\/wp-json\/wp\/v2\/comments?post=10951"}],"wp:featuredmedia":[{"embeddable":true,"href":"http:\/\/global-meubles.be\/fr\/wp-json\/wp\/v2\/media\/11021"}],"wp:attachment":[{"href":"http:\/\/global-meubles.be\/fr\/wp-json\/wp\/v2\/media?parent=10951"}],"wp:term":[{"taxonomy":"product_brand","embeddable":true,"href":"http:\/\/global-meubles.be\/fr\/wp-json\/wp\/v2\/product_brand?post=10951"},{"taxonomy":"product_cat","embeddable":true,"href":"http:\/\/global-meubles.be\/fr\/wp-json\/wp\/v2\/product_cat?post=10951"},{"taxonomy":"product_tag","embeddable":true,"href":"http:\/\/global-meubles.be\/fr\/wp-json\/wp\/v2\/product_tag?post=10951"}],"curies":[{"name":"wp","href":"https:\/\/api.w.org\/{rel}","templated":true}]}}