{"id":11212,"date":"2022-03-29T14:15:05","date_gmt":"2022-03-29T12:15:05","guid":{"rendered":"http:\/\/global-meubles.be\/fr\/?post_type=product&#038;p=11212"},"modified":"2022-09-14T14:42:46","modified_gmt":"2022-09-14T12:42:46","slug":"jerry","status":"publish","type":"product","link":"http:\/\/global-meubles.be\/fr\/produit\/jerry\/","title":{"rendered":"Jerry"},"content":{"rendered":"<p>Principales mati\u00e8res:<\/p>\n<p>Enfilade: Fa\u00e7ade, cot\u00e9s, dessus: d\u00e9cor papier sur des panneaux des particules<\/p>\n<p>Argentier+ meuble TV et table basse: idem enfilade<\/p>\n<p>Miroir: d\u00e9cor papier sur un panneau de particules<\/p>\n<p>Table: plateau de table m\u00e9lamin\u00e9 et pi\u00e8tement en MDF recouvert d\u2019un d\u00e9cor papier<\/p>\n<p>Dimension:<\/p>\n<p>Enfilade :L 243 cm H 91 cm P 48 cm<br \/>\nVitrine :L 130 cm H 164 cm P 48 cm<br \/>\nTable :L 190 cm H 75 cm P 88 cm<br \/>\nTable :L 160 cm H 75 cm P 88 cm<br \/>\nAlonge de table:L 50 cm P 88 cm<br \/>\nMeuble tv :L 150 cm H 49 cm P 48 cm<br \/>\nTable basse :L 120 cm H 40 cm P 60 cm<br \/>\nMiroir carr\u00e9 :L 60 cm H 60 cm<\/p>\n<p>Teintes: Portofino<br \/>\nMeubles livr\u00e9: sous film plastique, carton et polystyr\u00e8ne. D\u00e9montable: livr\u00e9e \u00e0 plat<\/p>\n","protected":false},"excerpt":{"rendered":"<p>Salle \u00e0 manger de style contemporain :<\/p>\n<p>Dressoir<\/p>\n<p>Vitrine<\/p>\n<p>Table \u00e0 manger 160 cm<\/p>\n","protected":false},"featured_media":11213,"comment_status":"open","ping_status":"closed","template":"","meta":[],"product_brand":[],"product_cat":[135,134],"product_tag":[],"class_list":{"0":"post-11212","1":"product","2":"type-product","3":"status-publish","4":"has-post-thumbnail","6":"product_cat-collection-complete","7":"product_cat-salle-a-manger","9":"first","10":"instock","11":"shipping-taxable","12":"purchasable","13":"product-type-simple"},"jetpack_sharing_enabled":true,"_links":{"self":[{"href":"http:\/\/global-meubles.be\/fr\/wp-json\/wp\/v2\/product\/11212","targetHints":{"allow":["GET"]}}],"collection":[{"href":"http:\/\/global-meubles.be\/fr\/wp-json\/wp\/v2\/product"}],"about":[{"href":"http:\/\/global-meubles.be\/fr\/wp-json\/wp\/v2\/types\/product"}],"replies":[{"embeddable":true,"href":"http:\/\/global-meubles.be\/fr\/wp-json\/wp\/v2\/comments?post=11212"}],"wp:featuredmedia":[{"embeddable":true,"href":"http:\/\/global-meubles.be\/fr\/wp-json\/wp\/v2\/media\/11213"}],"wp:attachment":[{"href":"http:\/\/global-meubles.be\/fr\/wp-json\/wp\/v2\/media?parent=11212"}],"wp:term":[{"taxonomy":"product_brand","embeddable":true,"href":"http:\/\/global-meubles.be\/fr\/wp-json\/wp\/v2\/product_brand?post=11212"},{"taxonomy":"product_cat","embeddable":true,"href":"http:\/\/global-meubles.be\/fr\/wp-json\/wp\/v2\/product_cat?post=11212"},{"taxonomy":"product_tag","embeddable":true,"href":"http:\/\/global-meubles.be\/fr\/wp-json\/wp\/v2\/product_tag?post=11212"}],"curies":[{"name":"wp","href":"https:\/\/api.w.org\/{rel}","templated":true}]}}