{"id":11334,"date":"2022-03-29T17:03:47","date_gmt":"2022-03-29T15:03:47","guid":{"rendered":"http:\/\/global-meubles.be\/fr\/?post_type=product&#038;p=11334"},"modified":"2025-04-25T10:41:18","modified_gmt":"2025-04-25T08:41:18","slug":"nelson","status":"publish","type":"product","link":"http:\/\/global-meubles.be\/fr\/produit\/nelson\/","title":{"rendered":"Nelson"},"content":{"rendered":"<p>Principales mati\u00e8res:<\/p>\n<p>Enfilade:<br \/>\nC\u00f4t\u00e9s, dessus: d\u00e9cor papier sur des panneaux des particules<br \/>\nArgentier+ meuble TV et table basse: idem enfilade<br \/>\nMiroir: d\u00e9cor papier sur un panneau de particules<br \/>\nTable: plateau de table m\u00e9lamin\u00e9 et pi\u00e8tement en h\u00eatre massif<br \/>\nPortes + tiroirs : softclose<\/p>\n<p>Dimension:<\/p>\n<p>Enfilade I : L 210 cm H 101 cm P 48 cm<br \/>\nEnfilade II : L 240 cm H 101 cm P 48 cm<br \/>\nVitrine : L 108 cm H 180 cm P 48 cm<br \/>\nTable allongeable : L 180-235 cm H 75 cm P 100 cm<br \/>\nMeuble tv : L 160 cm H 52.5 cm P 48 cm<br \/>\nTable basse : L 120 cm H 38 cm P 70 cm<\/p>\n<p>Petite vitrine : L 77 cm H 180 cm P 48 cm<br \/>\nMiroir carr\u00e9 : L 60 cm H 60 cm<\/p>\n<p>Teintes: Dark Stone<\/p>\n<p>Meubles livr\u00e9: sous film plastique, carton et polystyr\u00e8ne.<br \/>\nD\u00e9montable: livr\u00e9e \u00e0 plat<\/p>\n","protected":false},"excerpt":{"rendered":"<p>Salle \u00e0 manger moderne :<\/p>\n<p>Dressoir 210 cm<\/p>\n<p>Vitrine<\/p>\n<p>Table \u00e0 manger<\/p>\n","protected":false},"featured_media":11336,"comment_status":"open","ping_status":"closed","template":"","meta":[],"product_brand":[],"product_cat":[135,134],"product_tag":[],"class_list":{"0":"post-11334","1":"product","2":"type-product","3":"status-publish","4":"has-post-thumbnail","6":"product_cat-collection-complete","7":"product_cat-salle-a-manger","9":"first","10":"instock","11":"shipping-taxable","12":"purchasable","13":"product-type-simple"},"jetpack_sharing_enabled":true,"_links":{"self":[{"href":"http:\/\/global-meubles.be\/fr\/wp-json\/wp\/v2\/product\/11334","targetHints":{"allow":["GET"]}}],"collection":[{"href":"http:\/\/global-meubles.be\/fr\/wp-json\/wp\/v2\/product"}],"about":[{"href":"http:\/\/global-meubles.be\/fr\/wp-json\/wp\/v2\/types\/product"}],"replies":[{"embeddable":true,"href":"http:\/\/global-meubles.be\/fr\/wp-json\/wp\/v2\/comments?post=11334"}],"wp:featuredmedia":[{"embeddable":true,"href":"http:\/\/global-meubles.be\/fr\/wp-json\/wp\/v2\/media\/11336"}],"wp:attachment":[{"href":"http:\/\/global-meubles.be\/fr\/wp-json\/wp\/v2\/media?parent=11334"}],"wp:term":[{"taxonomy":"product_brand","embeddable":true,"href":"http:\/\/global-meubles.be\/fr\/wp-json\/wp\/v2\/product_brand?post=11334"},{"taxonomy":"product_cat","embeddable":true,"href":"http:\/\/global-meubles.be\/fr\/wp-json\/wp\/v2\/product_cat?post=11334"},{"taxonomy":"product_tag","embeddable":true,"href":"http:\/\/global-meubles.be\/fr\/wp-json\/wp\/v2\/product_tag?post=11334"}],"curies":[{"name":"wp","href":"https:\/\/api.w.org\/{rel}","templated":true}]}}