{"id":11369,"date":"2022-03-29T18:27:56","date_gmt":"2022-03-29T16:27:56","guid":{"rendered":"http:\/\/global-meubles.be\/fr\/?post_type=product&#038;p=11369"},"modified":"2025-04-25T10:42:54","modified_gmt":"2025-04-25T08:42:54","slug":"otto","status":"publish","type":"product","link":"http:\/\/global-meubles.be\/fr\/produit\/otto\/","title":{"rendered":"Otto"},"content":{"rendered":"<p>Principales mati\u00e8res:<\/p>\n<p>Enfilade:<br \/>\nC\u00f4t\u00e9s, dessus: d\u00e9cor papier sur des panneaux des particules<br \/>\nArgentier+ meuble TV et table basse: idem enfilade<br \/>\nMiroir: d\u00e9cor papier sur un panneau de particules<br \/>\nTable: plateau de table m\u00e9lamin\u00e9 et pi\u00e8tement en h\u00eatre massif<br \/>\nPortes : Portes Coulissantes<\/p>\n<p>Dimension:<\/p>\n<p>Enfilade : L 230 cm H 89.2 cm P 48 cm<br \/>\nVitrine : L 145.6 cm H 212 cm P 48 cm<br \/>\nTable 170 U ou X pied : L 170 cm H 76 cm P 100 cm<br \/>\nTable 200 U ou X pied : L 200 cm H 76 cm P 100 cm<br \/>\nTable 230 U ou X pied : L 230 cm H 76 cm P 100 cm<\/p>\n<p>Vaisselier : L 230 cm H 127.2 cm P 42 cm<br \/>\nMeuble TV : L 150 cm H 50 cm P 48 cm<br \/>\nTable basse U ou X pied : L 130 cm H 54 cm P 68 cm<\/p>\n<p>Teinte : Scarlet oak<\/p>\n<p>Meubles livr\u00e9: sous film plastique, carton et polystyr\u00e8ne.<br \/>\nD\u00e9montable: livr\u00e9e \u00e0 plat<\/p>\n","protected":false},"excerpt":{"rendered":"<p>Salle \u00e0 manger moderne :<\/p>\n<p>Dressoir<\/p>\n<p>Vitrine<\/p>\n<p>Table \u00e0 manger 170 cm<\/p>\n","protected":false},"featured_media":11387,"comment_status":"open","ping_status":"closed","template":"","meta":[],"product_brand":[],"product_cat":[135,134],"product_tag":[],"class_list":{"0":"post-11369","1":"product","2":"type-product","3":"status-publish","4":"has-post-thumbnail","6":"product_cat-collection-complete","7":"product_cat-salle-a-manger","9":"first","10":"instock","11":"shipping-taxable","12":"purchasable","13":"product-type-simple"},"jetpack_sharing_enabled":true,"_links":{"self":[{"href":"http:\/\/global-meubles.be\/fr\/wp-json\/wp\/v2\/product\/11369","targetHints":{"allow":["GET"]}}],"collection":[{"href":"http:\/\/global-meubles.be\/fr\/wp-json\/wp\/v2\/product"}],"about":[{"href":"http:\/\/global-meubles.be\/fr\/wp-json\/wp\/v2\/types\/product"}],"replies":[{"embeddable":true,"href":"http:\/\/global-meubles.be\/fr\/wp-json\/wp\/v2\/comments?post=11369"}],"wp:featuredmedia":[{"embeddable":true,"href":"http:\/\/global-meubles.be\/fr\/wp-json\/wp\/v2\/media\/11387"}],"wp:attachment":[{"href":"http:\/\/global-meubles.be\/fr\/wp-json\/wp\/v2\/media?parent=11369"}],"wp:term":[{"taxonomy":"product_brand","embeddable":true,"href":"http:\/\/global-meubles.be\/fr\/wp-json\/wp\/v2\/product_brand?post=11369"},{"taxonomy":"product_cat","embeddable":true,"href":"http:\/\/global-meubles.be\/fr\/wp-json\/wp\/v2\/product_cat?post=11369"},{"taxonomy":"product_tag","embeddable":true,"href":"http:\/\/global-meubles.be\/fr\/wp-json\/wp\/v2\/product_tag?post=11369"}],"curies":[{"name":"wp","href":"https:\/\/api.w.org\/{rel}","templated":true}]}}