{"id":11440,"date":"2022-03-30T12:37:56","date_gmt":"2022-03-30T10:37:56","guid":{"rendered":"http:\/\/global-meubles.be\/fr\/?post_type=product&#038;p=11440"},"modified":"2022-10-18T11:37:15","modified_gmt":"2022-10-18T09:37:15","slug":"percy","status":"publish","type":"product","link":"http:\/\/global-meubles.be\/fr\/produit\/percy\/","title":{"rendered":"Percy"},"content":{"rendered":"<p>Enfilade:<br \/>\nC\u00f4t\u00e9s, dessus: d\u00e9cor papier sur des panneaux des particules<br \/>\nArgentier+ meuble TV et table basse: idem enfilade<br \/>\nMiroir: d\u00e9cor papier sur un panneau de particules<br \/>\nTable: plateau de table m\u00e9lamin\u00e9 et pi\u00e8tement en h\u00eatre massif<br \/>\nPortes + tiroirs : softclose<\/p>\n<p>Dimension:<\/p>\n<p>Enfilade : L 240 cm H 93 cm P 48 cm<br \/>\nVitrine : L 115 cm H 186 cm P 48 cm<br \/>\nTable 200 A &#8211; U ou X pied : L 200 cm H 76 cm P 100 cm<br \/>\nTable 230 A &#8211; U ou X pied : L 230 cm H 76 cm P 100 cm<\/p>\n<p>Meuble TV : L 168 cm H 56 cm P 48 cm<br \/>\nTable basse : L 130 cm H 54 cm P 68 cm<\/p>\n<p>Teintes: Castella oak<\/p>\n<p>Meubles livr\u00e9: sous film plastique, carton et polystyr\u00e8ne.<br \/>\nD\u00e9montable: livr\u00e9e \u00e0 plat<\/p>\n","protected":false},"excerpt":{"rendered":"<p>Salle \u00e0 manger moderne :<\/p>\n<p>Dressoir<\/p>\n<p>Vitrine<\/p>\n<p>Table \u00e0 manger 200 cm<\/p>\n","protected":false},"featured_media":11471,"comment_status":"open","ping_status":"closed","template":"","meta":[],"product_brand":[],"product_cat":[135,134],"product_tag":[],"class_list":{"0":"post-11440","1":"product","2":"type-product","3":"status-publish","4":"has-post-thumbnail","6":"product_cat-collection-complete","7":"product_cat-salle-a-manger","9":"first","10":"instock","11":"shipping-taxable","12":"purchasable","13":"product-type-simple"},"jetpack_sharing_enabled":true,"_links":{"self":[{"href":"http:\/\/global-meubles.be\/fr\/wp-json\/wp\/v2\/product\/11440","targetHints":{"allow":["GET"]}}],"collection":[{"href":"http:\/\/global-meubles.be\/fr\/wp-json\/wp\/v2\/product"}],"about":[{"href":"http:\/\/global-meubles.be\/fr\/wp-json\/wp\/v2\/types\/product"}],"replies":[{"embeddable":true,"href":"http:\/\/global-meubles.be\/fr\/wp-json\/wp\/v2\/comments?post=11440"}],"wp:featuredmedia":[{"embeddable":true,"href":"http:\/\/global-meubles.be\/fr\/wp-json\/wp\/v2\/media\/11471"}],"wp:attachment":[{"href":"http:\/\/global-meubles.be\/fr\/wp-json\/wp\/v2\/media?parent=11440"}],"wp:term":[{"taxonomy":"product_brand","embeddable":true,"href":"http:\/\/global-meubles.be\/fr\/wp-json\/wp\/v2\/product_brand?post=11440"},{"taxonomy":"product_cat","embeddable":true,"href":"http:\/\/global-meubles.be\/fr\/wp-json\/wp\/v2\/product_cat?post=11440"},{"taxonomy":"product_tag","embeddable":true,"href":"http:\/\/global-meubles.be\/fr\/wp-json\/wp\/v2\/product_tag?post=11440"}],"curies":[{"name":"wp","href":"https:\/\/api.w.org\/{rel}","templated":true}]}}