{"id":11473,"date":"2022-03-30T14:25:12","date_gmt":"2022-03-30T12:25:12","guid":{"rendered":"http:\/\/global-meubles.be\/fr\/?post_type=product&#038;p=11473"},"modified":"2025-04-25T10:45:26","modified_gmt":"2025-04-25T08:45:26","slug":"piero","status":"publish","type":"product","link":"http:\/\/global-meubles.be\/fr\/produit\/piero\/","title":{"rendered":"Piero"},"content":{"rendered":"<p>Principales mati\u00e8res:<\/p>\n<p>Enfilade:<br \/>\nC\u00f4t\u00e9s, dessus: d\u00e9cor papier sur des panneaux des particules<br \/>\nArgentier+ meuble TV et table basse: idem enfilade<br \/>\nMiroir: d\u00e9cor papier sur un panneau de particules<br \/>\nTable: plateau de table m\u00e9lamin\u00e9 et pi\u00e8tement en h\u00eatre massif<br \/>\nPortes + tiroirs : softclose<\/p>\n<p>Dimension:<\/p>\n<p>Enfilade : L 225 cm H 92 cm P 50 cm<br \/>\nVitrine : L 121 cm H 182 cm P 50 cm<br \/>\nTable 170 A &#8211; U ou X pied : L 170 cm H 76 cm P 100 cm<br \/>\nTable 200 A &#8211; U ou X pied : L 200 cm H 76 cm P 100 cm<br \/>\nTable 230 A &#8211; U ou X pied : L 230 cm H 76 cm P 100 cm<\/p>\n<p>Table ovale 200 cm &#8211; pied \u00e9toile : L 200 cm H 76 cm P 100 cm<br \/>\nTable ovale 230 cm &#8211; pied \u00e9toile : L 230 cm H 76 cm P 100 cm<br \/>\nMeuble TV : L 164 cm H 61 cm P 50 cm<br \/>\nTable basse 125 cm : L 125 cm H 51 cm P 68 cm<br \/>\nTable basse U ou X-pied : L 130 cm H 54 cm P 68 cm<\/p>\n<p>Teintes: Scarlet Oak<\/p>\n<p>Meubles livr\u00e9: sous film plastique, carton et polystyr\u00e8ne.<br \/>\nD\u00e9montable: livr\u00e9e \u00e0 plat<\/p>\n","protected":false},"excerpt":{"rendered":"<p>Salle \u00e0 manger moderne :<\/p>\n<p>Dressoir<\/p>\n<p>Vitrine<\/p>\n<p>Table \u00e0 manger pied-U 170 cm<\/p>\n","protected":false},"featured_media":11482,"comment_status":"open","ping_status":"closed","template":"","meta":[],"product_brand":[],"product_cat":[135,134],"product_tag":[],"class_list":{"0":"post-11473","1":"product","2":"type-product","3":"status-publish","4":"has-post-thumbnail","6":"product_cat-collection-complete","7":"product_cat-salle-a-manger","9":"first","10":"instock","11":"shipping-taxable","12":"purchasable","13":"product-type-simple"},"jetpack_sharing_enabled":true,"_links":{"self":[{"href":"http:\/\/global-meubles.be\/fr\/wp-json\/wp\/v2\/product\/11473","targetHints":{"allow":["GET"]}}],"collection":[{"href":"http:\/\/global-meubles.be\/fr\/wp-json\/wp\/v2\/product"}],"about":[{"href":"http:\/\/global-meubles.be\/fr\/wp-json\/wp\/v2\/types\/product"}],"replies":[{"embeddable":true,"href":"http:\/\/global-meubles.be\/fr\/wp-json\/wp\/v2\/comments?post=11473"}],"wp:featuredmedia":[{"embeddable":true,"href":"http:\/\/global-meubles.be\/fr\/wp-json\/wp\/v2\/media\/11482"}],"wp:attachment":[{"href":"http:\/\/global-meubles.be\/fr\/wp-json\/wp\/v2\/media?parent=11473"}],"wp:term":[{"taxonomy":"product_brand","embeddable":true,"href":"http:\/\/global-meubles.be\/fr\/wp-json\/wp\/v2\/product_brand?post=11473"},{"taxonomy":"product_cat","embeddable":true,"href":"http:\/\/global-meubles.be\/fr\/wp-json\/wp\/v2\/product_cat?post=11473"},{"taxonomy":"product_tag","embeddable":true,"href":"http:\/\/global-meubles.be\/fr\/wp-json\/wp\/v2\/product_tag?post=11473"}],"curies":[{"name":"wp","href":"https:\/\/api.w.org\/{rel}","templated":true}]}}