{"id":11556,"date":"2022-03-30T17:05:44","date_gmt":"2022-03-30T15:05:44","guid":{"rendered":"http:\/\/global-meubles.be\/fr\/?post_type=product&#038;p=11556"},"modified":"2025-04-26T15:07:34","modified_gmt":"2025-04-26T13:07:34","slug":"ivette","status":"publish","type":"product","link":"http:\/\/global-meubles.be\/fr\/produit\/ivette\/","title":{"rendered":"Ivette"},"content":{"rendered":"<p>Principales mati\u00e8res :<\/p>\n<p>Armoire : fa\u00e7ade en d\u00e9cor porcelaine en PVC sur des panneaux en MDF. Pied en MDF recouvert d\u2019un d\u00e9cor papier, cot\u00e9s et dessus: d\u00e9cor papier sur des panneaux des particules<br \/>\nLit : T\u00eate: d\u00e9cor Porcelaine en Pvc sur des panneaux en MDF.<br \/>\nLong pans : d\u00e9cor papier sur des panneaux des particules<br \/>\nPi\u00e8tement : idem t\u00eate de lit<br \/>\nChevet : fa\u00e7ade: d\u00e9cor Porcelaine en PVC sur des panneaux en MDF et dessus, pied et cot\u00e9s en d\u00e9cor papier sur des panneaux des particules<br \/>\nCommode : idem chevet<br \/>\nMiroir : d\u00e9cor porcelaine en PVC sur des panneaux en MDF<br \/>\nEtag\u00e8re : d\u00e9cor papier sur des panneaux des particules<br \/>\nBureau : idem chevet<br \/>\nTeintes : Truffle + Porcelaine<\/p>\n<p>Dimension :<\/p>\n<p>Armoire 4P : L 230 cm H 220 cm P 62 cm<br \/>\nLit : 140 cm x 200 cm<br \/>\nLit : 160 cm x 200 cm<br \/>\nLit : 180 cm x 200 cm<br \/>\nChevet : L 58 cm H 46 cm P 41 cm<br \/>\nCommode : L 114 cm H 77 cm P 46 cm<br \/>\nMiroir : L 68 cm H 89 cm<\/p>\n","protected":false},"excerpt":{"rendered":"<p>Chambre \u00e0 coucher :<\/p>\n<p>Armoire 4 portes<\/p>\n<p>Lit 160\u00d7200 cm<\/p>\n<p>Chevets<\/p>\n","protected":false},"featured_media":11557,"comment_status":"open","ping_status":"closed","template":"","meta":[],"product_brand":[],"product_cat":[130,132],"product_tag":[],"class_list":{"0":"post-11556","1":"product","2":"type-product","3":"status-publish","4":"has-post-thumbnail","6":"product_cat-chambre-a-coucher","7":"product_cat-chambre-adulte","9":"first","10":"instock","11":"shipping-taxable","12":"purchasable","13":"product-type-simple"},"jetpack_sharing_enabled":true,"_links":{"self":[{"href":"http:\/\/global-meubles.be\/fr\/wp-json\/wp\/v2\/product\/11556","targetHints":{"allow":["GET"]}}],"collection":[{"href":"http:\/\/global-meubles.be\/fr\/wp-json\/wp\/v2\/product"}],"about":[{"href":"http:\/\/global-meubles.be\/fr\/wp-json\/wp\/v2\/types\/product"}],"replies":[{"embeddable":true,"href":"http:\/\/global-meubles.be\/fr\/wp-json\/wp\/v2\/comments?post=11556"}],"wp:featuredmedia":[{"embeddable":true,"href":"http:\/\/global-meubles.be\/fr\/wp-json\/wp\/v2\/media\/11557"}],"wp:attachment":[{"href":"http:\/\/global-meubles.be\/fr\/wp-json\/wp\/v2\/media?parent=11556"}],"wp:term":[{"taxonomy":"product_brand","embeddable":true,"href":"http:\/\/global-meubles.be\/fr\/wp-json\/wp\/v2\/product_brand?post=11556"},{"taxonomy":"product_cat","embeddable":true,"href":"http:\/\/global-meubles.be\/fr\/wp-json\/wp\/v2\/product_cat?post=11556"},{"taxonomy":"product_tag","embeddable":true,"href":"http:\/\/global-meubles.be\/fr\/wp-json\/wp\/v2\/product_tag?post=11556"}],"curies":[{"name":"wp","href":"https:\/\/api.w.org\/{rel}","templated":true}]}}