{"id":11562,"date":"2022-03-30T17:31:00","date_gmt":"2022-03-30T15:31:00","guid":{"rendered":"http:\/\/global-meubles.be\/fr\/?post_type=product&#038;p=11562"},"modified":"2025-09-23T12:59:34","modified_gmt":"2025-09-23T10:59:34","slug":"nora","status":"publish","type":"product","link":"http:\/\/global-meubles.be\/fr\/produit\/nora\/","title":{"rendered":"Nora"},"content":{"rendered":"<p>Principales mati\u00e8res :<br \/>\nC\u00f4t\u00e9s + Portes : Papier d\u00e9cor sur des panneaux de particules<br \/>\nArmoire : Papier d\u00e9cor sur des panneaux de particules<br \/>\nMiroirs: verre fum\u00e9<br \/>\nPlacard int\u00e9rieur Type-AGSE<br \/>\nTiroirs : soft close<\/p>\n<p>Dimension :<\/p>\n<p>Armoire 188 cm : L 188 cm H 215 cm P 68 cm<br \/>\nArmoire 245 cm : L 245 cm H 215 cm P 68 cm<br \/>\nLit : 140 cm x 200 cm<br \/>\nLit : 160 cm x 200 cm<br \/>\nLit : 180 cm x 200 cm<br \/>\nChevet : L 53 cm H 42.5 cm P 42 cm<br \/>\nCommode : L 110 cm H 77 cm P 48 cm<br \/>\nMiroir : L 65 cm H 110 cm P 1.8 cm<\/p>\n<p>Teinte : French Oak<\/p>\n","protected":false},"excerpt":{"rendered":"<p>Chambre \u00e0 coucher :<\/p>\n<p>Armoire 188 cm<\/p>\n<p>Lit 160\u00d7200 cm<\/p>\n<p>Chevets<\/p>\n","protected":false},"featured_media":11592,"comment_status":"open","ping_status":"closed","template":"","meta":[],"product_brand":[],"product_cat":[130,132],"product_tag":[],"class_list":{"0":"post-11562","1":"product","2":"type-product","3":"status-publish","4":"has-post-thumbnail","6":"product_cat-chambre-a-coucher","7":"product_cat-chambre-adulte","9":"first","10":"instock","11":"shipping-taxable","12":"purchasable","13":"product-type-simple"},"jetpack_sharing_enabled":true,"_links":{"self":[{"href":"http:\/\/global-meubles.be\/fr\/wp-json\/wp\/v2\/product\/11562","targetHints":{"allow":["GET"]}}],"collection":[{"href":"http:\/\/global-meubles.be\/fr\/wp-json\/wp\/v2\/product"}],"about":[{"href":"http:\/\/global-meubles.be\/fr\/wp-json\/wp\/v2\/types\/product"}],"replies":[{"embeddable":true,"href":"http:\/\/global-meubles.be\/fr\/wp-json\/wp\/v2\/comments?post=11562"}],"wp:featuredmedia":[{"embeddable":true,"href":"http:\/\/global-meubles.be\/fr\/wp-json\/wp\/v2\/media\/11592"}],"wp:attachment":[{"href":"http:\/\/global-meubles.be\/fr\/wp-json\/wp\/v2\/media?parent=11562"}],"wp:term":[{"taxonomy":"product_brand","embeddable":true,"href":"http:\/\/global-meubles.be\/fr\/wp-json\/wp\/v2\/product_brand?post=11562"},{"taxonomy":"product_cat","embeddable":true,"href":"http:\/\/global-meubles.be\/fr\/wp-json\/wp\/v2\/product_cat?post=11562"},{"taxonomy":"product_tag","embeddable":true,"href":"http:\/\/global-meubles.be\/fr\/wp-json\/wp\/v2\/product_tag?post=11562"}],"curies":[{"name":"wp","href":"https:\/\/api.w.org\/{rel}","templated":true}]}}