{"id":11578,"date":"2022-03-30T17:45:29","date_gmt":"2022-03-30T15:45:29","guid":{"rendered":"http:\/\/global-meubles.be\/fr\/?post_type=product&#038;p=11578"},"modified":"2025-04-26T15:11:19","modified_gmt":"2025-04-26T13:11:19","slug":"olivia","status":"publish","type":"product","link":"http:\/\/global-meubles.be\/fr\/produit\/olivia\/","title":{"rendered":"Olivia"},"content":{"rendered":"<p>Principales mati\u00e8res :<\/p>\n<p>C\u00f4t\u00e9s + Portes : Papier d\u00e9cor sur des panneaux de particules<br \/>\nArmoire : Papier d\u00e9cor sur des panneaux de particules<br \/>\nMiroirs: verre fum\u00e9<br \/>\nPlacard int\u00e9rieur Type-AGSE<br \/>\nTiroirs : soft close<\/p>\n<p>Dimension :<\/p>\n<p>Armoire 217 cm : L 217 cm H 215 cm P 62 cm<br \/>\nArmoire 245 cm : L 245 cm H 215 cm P 62 cm<br \/>\nLit : 140 cm x 200 cm<br \/>\nLit : 160 cm x 200 cm<br \/>\nLit : 180 cm x 200 cm<br \/>\nChevet : L 60 cm H 39 cm P 42 cm<br \/>\nCommode : L 120 cm H 77 cm P 46 cm<br \/>\nMiroir : L 65 cm H 110 cm<\/p>\n<p>Teinte : Scarlet Oak<\/p>\n","protected":false},"excerpt":{"rendered":"<p>Chambre \u00e0 coucher :<\/p>\n<p>Armoire 217 cm<\/p>\n<p>Lit 160\u00d7200 cm<\/p>\n<p>Chevets<\/p>\n","protected":false},"featured_media":11590,"comment_status":"open","ping_status":"closed","template":"","meta":[],"product_brand":[],"product_cat":[130,132],"product_tag":[],"class_list":{"0":"post-11578","1":"product","2":"type-product","3":"status-publish","4":"has-post-thumbnail","6":"product_cat-chambre-a-coucher","7":"product_cat-chambre-adulte","9":"first","10":"instock","11":"shipping-taxable","12":"purchasable","13":"product-type-simple"},"jetpack_sharing_enabled":true,"_links":{"self":[{"href":"http:\/\/global-meubles.be\/fr\/wp-json\/wp\/v2\/product\/11578","targetHints":{"allow":["GET"]}}],"collection":[{"href":"http:\/\/global-meubles.be\/fr\/wp-json\/wp\/v2\/product"}],"about":[{"href":"http:\/\/global-meubles.be\/fr\/wp-json\/wp\/v2\/types\/product"}],"replies":[{"embeddable":true,"href":"http:\/\/global-meubles.be\/fr\/wp-json\/wp\/v2\/comments?post=11578"}],"wp:featuredmedia":[{"embeddable":true,"href":"http:\/\/global-meubles.be\/fr\/wp-json\/wp\/v2\/media\/11590"}],"wp:attachment":[{"href":"http:\/\/global-meubles.be\/fr\/wp-json\/wp\/v2\/media?parent=11578"}],"wp:term":[{"taxonomy":"product_brand","embeddable":true,"href":"http:\/\/global-meubles.be\/fr\/wp-json\/wp\/v2\/product_brand?post=11578"},{"taxonomy":"product_cat","embeddable":true,"href":"http:\/\/global-meubles.be\/fr\/wp-json\/wp\/v2\/product_cat?post=11578"},{"taxonomy":"product_tag","embeddable":true,"href":"http:\/\/global-meubles.be\/fr\/wp-json\/wp\/v2\/product_tag?post=11578"}],"curies":[{"name":"wp","href":"https:\/\/api.w.org\/{rel}","templated":true}]}}