{"id":11694,"date":"2022-03-31T13:30:42","date_gmt":"2022-03-31T11:30:42","guid":{"rendered":"http:\/\/global-meubles.be\/fr\/?post_type=product&#038;p=11694"},"modified":"2023-03-22T11:55:19","modified_gmt":"2023-03-22T10:55:19","slug":"giorgio","status":"publish","type":"product","link":"http:\/\/global-meubles.be\/fr\/produit\/giorgio\/","title":{"rendered":"Giorgio"},"content":{"rendered":"<p>Principales mati\u00e8res:<\/p>\n<p>Enfilade : Fa\u00e7ade, cot\u00e9s, dessus: M\u00e9lamine sur panneaux de particules<br \/>\nArgentier + meuble TV et table basse: idem enfilade<br \/>\nTable : Plateau de table + pi\u00e8tement panneaux des particules recouvert de m\u00e9lamine<br \/>\nPoign\u00e9es: PVC<\/p>\n<p>Dimension :<\/p>\n<p>Enfilade : L 210 cm H 90 cm P 43 cm<br \/>\nVitrine : L 110 cm H 180 cm P 43 cm<br \/>\nTable : L 180 cm H 76 cm P 90 cm<br \/>\nMeuble tv : L 155 cm H 55 cm P 43 cm<br \/>\nTable de salon : L 110 cm H 40 cm P 55 cm<\/p>\n<p>Teinte : Granul\u00e9<\/p>\n<p>Meubles livr\u00e9: sous film plastique, carton et polystyr\u00e8ne.<br \/>\nD\u00e9montable: livr\u00e9e \u00e0 plat<\/p>\n","protected":false},"excerpt":{"rendered":"<p>Salle \u00e0 manger fra\u00eeche dans un d\u00e9cor contemporain :<\/p>\n<p>Dressoir<\/p>\n<p>Vitrine<\/p>\n<p>Table \u00e0 manger<\/p>\n","protected":false},"featured_media":11695,"comment_status":"open","ping_status":"closed","template":"","meta":[],"product_brand":[],"product_cat":[135,134],"product_tag":[],"class_list":{"0":"post-11694","1":"product","2":"type-product","3":"status-publish","4":"has-post-thumbnail","6":"product_cat-collection-complete","7":"product_cat-salle-a-manger","9":"first","10":"instock","11":"shipping-taxable","12":"purchasable","13":"product-type-simple"},"jetpack_sharing_enabled":true,"_links":{"self":[{"href":"http:\/\/global-meubles.be\/fr\/wp-json\/wp\/v2\/product\/11694","targetHints":{"allow":["GET"]}}],"collection":[{"href":"http:\/\/global-meubles.be\/fr\/wp-json\/wp\/v2\/product"}],"about":[{"href":"http:\/\/global-meubles.be\/fr\/wp-json\/wp\/v2\/types\/product"}],"replies":[{"embeddable":true,"href":"http:\/\/global-meubles.be\/fr\/wp-json\/wp\/v2\/comments?post=11694"}],"wp:featuredmedia":[{"embeddable":true,"href":"http:\/\/global-meubles.be\/fr\/wp-json\/wp\/v2\/media\/11695"}],"wp:attachment":[{"href":"http:\/\/global-meubles.be\/fr\/wp-json\/wp\/v2\/media?parent=11694"}],"wp:term":[{"taxonomy":"product_brand","embeddable":true,"href":"http:\/\/global-meubles.be\/fr\/wp-json\/wp\/v2\/product_brand?post=11694"},{"taxonomy":"product_cat","embeddable":true,"href":"http:\/\/global-meubles.be\/fr\/wp-json\/wp\/v2\/product_cat?post=11694"},{"taxonomy":"product_tag","embeddable":true,"href":"http:\/\/global-meubles.be\/fr\/wp-json\/wp\/v2\/product_tag?post=11694"}],"curies":[{"name":"wp","href":"https:\/\/api.w.org\/{rel}","templated":true}]}}