{"id":11721,"date":"2022-03-31T14:28:10","date_gmt":"2022-03-31T12:28:10","guid":{"rendered":"http:\/\/global-meubles.be\/fr\/?post_type=product&#038;p=11721"},"modified":"2022-10-18T11:05:31","modified_gmt":"2022-10-18T09:05:31","slug":"hermes","status":"publish","type":"product","link":"http:\/\/global-meubles.be\/fr\/produit\/hermes\/","title":{"rendered":"Hermes"},"content":{"rendered":"<p>Principales mati\u00e8res:<\/p>\n<p>Enfilade : Fa\u00e7ade, cot\u00e9s, dessus: d\u00e9cor papier sur des panneaux des particules<br \/>\nArgentier + meuble TV et table basse: idem enfilade<br \/>\nTable : Plateau de table + pi\u00e8tement panneaux des particules recouvert d\u2019un d\u00e9cor papier<br \/>\nPoign\u00e9es : M\u00e9tal<\/p>\n<p>Dimension :<\/p>\n<p>Enfilade : L 231 cm H 90 cm P 46 cm<br \/>\nVitrine : L 141 cm H 200 cm P 46 cm<br \/>\nTable allongeable : L 170-220 cm H 76 cm P 100 cm<br \/>\nMeuble tv : L 151 cm H 55 cm P 46 cm<br \/>\nTable de salon : L 130 cm H 45 cm P 70 cm<\/p>\n<p>Teinte : Spring Oak + Grey Rock<\/p>\n<p>Meubles livr\u00e9: sous film plastique, carton et polystyr\u00e8ne.<br \/>\nD\u00e9montable: livr\u00e9e \u00e0 plat<\/p>\n","protected":false},"excerpt":{"rendered":"<p>Salle \u00e0 manger moderne :<\/p>\n<p>Dressoir<\/p>\n<p>Vitrine<\/p>\n<p>Table \u00e0 manger<\/p>\n","protected":false},"featured_media":11722,"comment_status":"open","ping_status":"closed","template":"","meta":[],"product_brand":[],"product_cat":[135,134],"product_tag":[],"class_list":{"0":"post-11721","1":"product","2":"type-product","3":"status-publish","4":"has-post-thumbnail","6":"product_cat-collection-complete","7":"product_cat-salle-a-manger","9":"first","10":"instock","11":"shipping-taxable","12":"purchasable","13":"product-type-simple"},"jetpack_sharing_enabled":true,"_links":{"self":[{"href":"http:\/\/global-meubles.be\/fr\/wp-json\/wp\/v2\/product\/11721","targetHints":{"allow":["GET"]}}],"collection":[{"href":"http:\/\/global-meubles.be\/fr\/wp-json\/wp\/v2\/product"}],"about":[{"href":"http:\/\/global-meubles.be\/fr\/wp-json\/wp\/v2\/types\/product"}],"replies":[{"embeddable":true,"href":"http:\/\/global-meubles.be\/fr\/wp-json\/wp\/v2\/comments?post=11721"}],"wp:featuredmedia":[{"embeddable":true,"href":"http:\/\/global-meubles.be\/fr\/wp-json\/wp\/v2\/media\/11722"}],"wp:attachment":[{"href":"http:\/\/global-meubles.be\/fr\/wp-json\/wp\/v2\/media?parent=11721"}],"wp:term":[{"taxonomy":"product_brand","embeddable":true,"href":"http:\/\/global-meubles.be\/fr\/wp-json\/wp\/v2\/product_brand?post=11721"},{"taxonomy":"product_cat","embeddable":true,"href":"http:\/\/global-meubles.be\/fr\/wp-json\/wp\/v2\/product_cat?post=11721"},{"taxonomy":"product_tag","embeddable":true,"href":"http:\/\/global-meubles.be\/fr\/wp-json\/wp\/v2\/product_tag?post=11721"}],"curies":[{"name":"wp","href":"https:\/\/api.w.org\/{rel}","templated":true}]}}