{"id":11978,"date":"2022-04-01T12:51:48","date_gmt":"2022-04-01T10:51:48","guid":{"rendered":"http:\/\/global-meubles.be\/fr\/?post_type=product&#038;p=11978"},"modified":"2022-04-01T13:14:22","modified_gmt":"2022-04-01T11:14:22","slug":"neto","status":"publish","type":"product","link":"http:\/\/global-meubles.be\/fr\/produit\/neto\/","title":{"rendered":"Neto"},"content":{"rendered":"<p>Principales mati\u00e8res:<\/p>\n<p>Enfilade:<br \/>\nC\u00f4t\u00e9s, dessus: d\u00e9cor papier sur des panneaux des particules<br \/>\nArgentier+ meuble TV et table basse: idem enfilade<br \/>\nTable + Miroir: d\u00e9cor papier sur un panneau de particules<br \/>\nTiroirs : Soft close<br \/>\nPi\u00e9tement : synth\u00e9tique + m\u00e9tal poudre noir<\/p>\n<p>Dimension:<\/p>\n<p>Enfilade I : L 193 cm H 93 cm P 48 cm<br \/>\nEnfilade II : L 220 cm H 93 cm P 48 cm<br \/>\nVitrine : L 113 cm H 182 cm P 48 cm<br \/>\nTable allongeable : L 180-230 cm H 75 cm P 100 cm<br \/>\nVitrine 1 P : L 63 cm H 182 cm P 48 cm<br \/>\nMeuble tv : L 155 cm H 55 cm P 48 cm<br \/>\nTable basse : L 120 cm H 37 cm P 65 cm<\/p>\n<p>Teinte : Scarlet Oak<\/p>\n<p>Meubles livr\u00e9: Assembl\u00e9<\/p>\n","protected":false},"excerpt":{"rendered":"<p>Salle \u00e0 manger moderne :<\/p>\n<p>Dressoir 193 cm<\/p>\n<p>Vitrine<\/p>\n<p>Table \u00e0 manger<\/p>\n","protected":false},"featured_media":11980,"comment_status":"open","ping_status":"closed","template":"","meta":[],"product_brand":[],"product_cat":[135,134],"product_tag":[],"class_list":{"0":"post-11978","1":"product","2":"type-product","3":"status-publish","4":"has-post-thumbnail","6":"product_cat-collection-complete","7":"product_cat-salle-a-manger","9":"first","10":"instock","11":"shipping-taxable","12":"purchasable","13":"product-type-simple"},"jetpack_sharing_enabled":true,"_links":{"self":[{"href":"http:\/\/global-meubles.be\/fr\/wp-json\/wp\/v2\/product\/11978","targetHints":{"allow":["GET"]}}],"collection":[{"href":"http:\/\/global-meubles.be\/fr\/wp-json\/wp\/v2\/product"}],"about":[{"href":"http:\/\/global-meubles.be\/fr\/wp-json\/wp\/v2\/types\/product"}],"replies":[{"embeddable":true,"href":"http:\/\/global-meubles.be\/fr\/wp-json\/wp\/v2\/comments?post=11978"}],"wp:featuredmedia":[{"embeddable":true,"href":"http:\/\/global-meubles.be\/fr\/wp-json\/wp\/v2\/media\/11980"}],"wp:attachment":[{"href":"http:\/\/global-meubles.be\/fr\/wp-json\/wp\/v2\/media?parent=11978"}],"wp:term":[{"taxonomy":"product_brand","embeddable":true,"href":"http:\/\/global-meubles.be\/fr\/wp-json\/wp\/v2\/product_brand?post=11978"},{"taxonomy":"product_cat","embeddable":true,"href":"http:\/\/global-meubles.be\/fr\/wp-json\/wp\/v2\/product_cat?post=11978"},{"taxonomy":"product_tag","embeddable":true,"href":"http:\/\/global-meubles.be\/fr\/wp-json\/wp\/v2\/product_tag?post=11978"}],"curies":[{"name":"wp","href":"https:\/\/api.w.org\/{rel}","templated":true}]}}