{"id":12104,"date":"2022-04-01T18:13:20","date_gmt":"2022-04-01T16:13:20","guid":{"rendered":"http:\/\/global-meubles.be\/fr\/?post_type=product&#038;p=12104"},"modified":"2025-08-29T15:49:43","modified_gmt":"2025-08-29T13:49:43","slug":"viola","status":"publish","type":"product","link":"http:\/\/global-meubles.be\/fr\/produit\/viola\/","title":{"rendered":"Viola"},"content":{"rendered":"<p>Chambre \u00e0 coucher de haute qualit\u00e9 avec une finition<br \/>\nsophistiqu\u00e9e et un confort d\u2019utilisation \u00e9lev\u00e9.<\/p>\n<p>Principales mati\u00e8res :<\/p>\n<p>C\u00f4t\u00e9s + Portes : Portes : M\u00e9lamin\u00e9 sur des panneaux de particules<br \/>\nArmoire : Portes : M\u00e9lamin\u00e9 sur des panneaux de particules<br \/>\nPortes : soft close<\/p>\n<p>Dimension :<\/p>\n<p>Armoire 2 portes : L 112 cm H 219 cm P 60 cm<br \/>\nArmoire 3 portes : L 165 cm H 219 cm P 60 cm<br \/>\nArmoire 2 P coulis. : L 203 cm H 219 cm P 65 cm<br \/>\nLit : 90 cm x 200 cm<br \/>\nChevet : L 50 cm H 45.5 cm P 42 cm<br \/>\nBureau : L 140 cm H 74.5 cm P 70 cm<br \/>\nBiblioth\u00e8que : L 70 cm H 219 cm P 40 cm<\/p>\n<p>Teinte : Castella<\/p>\n","protected":false},"excerpt":{"rendered":"<p>Chambre de jeune :<\/p>\n<p>Armoire 2 portes<\/p>\n<p>Lit 90\u00d7200 cm<\/p>\n<p>Chevet<\/p>\n","protected":false},"featured_media":12118,"comment_status":"open","ping_status":"closed","template":"","meta":[],"product_brand":[],"product_cat":[130,131],"product_tag":[],"class_list":{"0":"post-12104","1":"product","2":"type-product","3":"status-publish","4":"has-post-thumbnail","6":"product_cat-chambre-a-coucher","7":"product_cat-chambre-enfant-et-jeune","9":"first","10":"instock","11":"shipping-taxable","12":"purchasable","13":"product-type-simple"},"jetpack_sharing_enabled":true,"_links":{"self":[{"href":"http:\/\/global-meubles.be\/fr\/wp-json\/wp\/v2\/product\/12104","targetHints":{"allow":["GET"]}}],"collection":[{"href":"http:\/\/global-meubles.be\/fr\/wp-json\/wp\/v2\/product"}],"about":[{"href":"http:\/\/global-meubles.be\/fr\/wp-json\/wp\/v2\/types\/product"}],"replies":[{"embeddable":true,"href":"http:\/\/global-meubles.be\/fr\/wp-json\/wp\/v2\/comments?post=12104"}],"wp:featuredmedia":[{"embeddable":true,"href":"http:\/\/global-meubles.be\/fr\/wp-json\/wp\/v2\/media\/12118"}],"wp:attachment":[{"href":"http:\/\/global-meubles.be\/fr\/wp-json\/wp\/v2\/media?parent=12104"}],"wp:term":[{"taxonomy":"product_brand","embeddable":true,"href":"http:\/\/global-meubles.be\/fr\/wp-json\/wp\/v2\/product_brand?post=12104"},{"taxonomy":"product_cat","embeddable":true,"href":"http:\/\/global-meubles.be\/fr\/wp-json\/wp\/v2\/product_cat?post=12104"},{"taxonomy":"product_tag","embeddable":true,"href":"http:\/\/global-meubles.be\/fr\/wp-json\/wp\/v2\/product_tag?post=12104"}],"curies":[{"name":"wp","href":"https:\/\/api.w.org\/{rel}","templated":true}]}}