{"id":12570,"date":"2022-04-04T10:43:14","date_gmt":"2022-04-04T08:43:14","guid":{"rendered":"http:\/\/global-meubles.be\/fr\/?post_type=product&#038;p=12570"},"modified":"2022-11-14T12:25:24","modified_gmt":"2022-11-14T11:25:24","slug":"wim","status":"publish","type":"product","link":"http:\/\/global-meubles.be\/fr\/produit\/wim\/","title":{"rendered":"Wim"},"content":{"rendered":"<p>Dimension :<\/p>\n<p>Dressoir : L 223 cm H 91 cm P 51.4 cm<\/p>\n<p>Vitrine : L 128 cm H 164 cm P 41.4 cm<\/p>\n<p>Table \u00e0 manger : L 180 cm H 78.5 cm P 90 cm<\/p>\n<p>Meuble TV : L 145 cm H 56 cm P 45 cm<\/p>\n<p>Table de salon : L 130 cm H 40 cm P 67 cm<\/p>\n<p>Mat\u00e9riaux :<\/p>\n<p>D\u00e9cor m\u00e9lamine sur des panneaux de particules.<br \/>\nProfiles d\u00e9corative en MDF<br \/>\nPoign\u00e9es en PVC .<br \/>\nLumi\u00e8re : 5 LEDS en option pour la vitrine.<\/p>\n<p>Coloris : M\u00e9lamine d\u00e9cor ch\u00eane clair avec des accents en couleur noir m\u00e9tallique.<\/p>\n","protected":false},"excerpt":{"rendered":"<p>Salle \u00e0 manger :<\/p>\n<p>Dressoir<\/p>\n<p>Vitrine<\/p>\n<p>Table \u00e0 manger<\/p>\n","protected":false},"featured_media":12571,"comment_status":"open","ping_status":"closed","template":"","meta":[],"product_brand":[],"product_cat":[135,134],"product_tag":[],"class_list":{"0":"post-12570","1":"product","2":"type-product","3":"status-publish","4":"has-post-thumbnail","6":"product_cat-collection-complete","7":"product_cat-salle-a-manger","9":"first","10":"instock","11":"shipping-taxable","12":"purchasable","13":"product-type-simple"},"jetpack_sharing_enabled":true,"_links":{"self":[{"href":"http:\/\/global-meubles.be\/fr\/wp-json\/wp\/v2\/product\/12570","targetHints":{"allow":["GET"]}}],"collection":[{"href":"http:\/\/global-meubles.be\/fr\/wp-json\/wp\/v2\/product"}],"about":[{"href":"http:\/\/global-meubles.be\/fr\/wp-json\/wp\/v2\/types\/product"}],"replies":[{"embeddable":true,"href":"http:\/\/global-meubles.be\/fr\/wp-json\/wp\/v2\/comments?post=12570"}],"wp:featuredmedia":[{"embeddable":true,"href":"http:\/\/global-meubles.be\/fr\/wp-json\/wp\/v2\/media\/12571"}],"wp:attachment":[{"href":"http:\/\/global-meubles.be\/fr\/wp-json\/wp\/v2\/media?parent=12570"}],"wp:term":[{"taxonomy":"product_brand","embeddable":true,"href":"http:\/\/global-meubles.be\/fr\/wp-json\/wp\/v2\/product_brand?post=12570"},{"taxonomy":"product_cat","embeddable":true,"href":"http:\/\/global-meubles.be\/fr\/wp-json\/wp\/v2\/product_cat?post=12570"},{"taxonomy":"product_tag","embeddable":true,"href":"http:\/\/global-meubles.be\/fr\/wp-json\/wp\/v2\/product_tag?post=12570"}],"curies":[{"name":"wp","href":"https:\/\/api.w.org\/{rel}","templated":true}]}}