{"id":12583,"date":"2022-04-04T11:02:52","date_gmt":"2022-04-04T09:02:52","guid":{"rendered":"http:\/\/global-meubles.be\/fr\/?post_type=product&#038;p=12583"},"modified":"2022-11-14T12:27:11","modified_gmt":"2022-11-14T11:27:11","slug":"arthur-3","status":"publish","type":"product","link":"http:\/\/global-meubles.be\/fr\/produit\/arthur-3\/","title":{"rendered":"Arthur"},"content":{"rendered":"<p>Dimension :<\/p>\n<p>Dressoir : L 218 cm H 96 cm P 50 cm<\/p>\n<p>Vitrine : L 116 cm H 171 cm P 48 cm<\/p>\n<p>Table \u00e0 manger : L 180 cm H 78.5 cm P 90 cm<\/p>\n<p>Meuble TV : L 154 cm H 57 cm P 44 cm<\/p>\n<p>Table de salon : L 130 cm H 40 cm P 67 cm<\/p>\n<p>Mat\u00e9riaux :<\/p>\n<p>D\u00e9cor m\u00e9lamine sur des panneaux de particules.<br \/>\nProfiles d\u00e9corative en MDF<br \/>\nLes portes s&#8217;ouvrent avec le system &#8220;push-open&#8221;.<br \/>\nTiroirs avec des glissi\u00e8res en m\u00e9tal et des poign\u00e9es en PVC<br \/>\nDressoir et meuble TV sur des pieds en m\u00e9tal.<br \/>\nLumi\u00e8re LED en option pour dressoir et vitrine.<\/p>\n<p>Coloris : M\u00e9lamine d\u00e9cor ch\u00eane gris clair avec des accents en couleur noir m\u00e9tallique.<\/p>\n","protected":false},"excerpt":{"rendered":"<p>Salle \u00e0 manger :<\/p>\n<p>Dressoir<\/p>\n<p>Vitrine<\/p>\n<p>Table \u00e0 manger<\/p>\n","protected":false},"featured_media":12584,"comment_status":"open","ping_status":"closed","template":"","meta":[],"product_brand":[],"product_cat":[135,134],"product_tag":[],"class_list":{"0":"post-12583","1":"product","2":"type-product","3":"status-publish","4":"has-post-thumbnail","6":"product_cat-collection-complete","7":"product_cat-salle-a-manger","9":"first","10":"instock","11":"shipping-taxable","12":"purchasable","13":"product-type-simple"},"jetpack_sharing_enabled":true,"_links":{"self":[{"href":"http:\/\/global-meubles.be\/fr\/wp-json\/wp\/v2\/product\/12583","targetHints":{"allow":["GET"]}}],"collection":[{"href":"http:\/\/global-meubles.be\/fr\/wp-json\/wp\/v2\/product"}],"about":[{"href":"http:\/\/global-meubles.be\/fr\/wp-json\/wp\/v2\/types\/product"}],"replies":[{"embeddable":true,"href":"http:\/\/global-meubles.be\/fr\/wp-json\/wp\/v2\/comments?post=12583"}],"wp:featuredmedia":[{"embeddable":true,"href":"http:\/\/global-meubles.be\/fr\/wp-json\/wp\/v2\/media\/12584"}],"wp:attachment":[{"href":"http:\/\/global-meubles.be\/fr\/wp-json\/wp\/v2\/media?parent=12583"}],"wp:term":[{"taxonomy":"product_brand","embeddable":true,"href":"http:\/\/global-meubles.be\/fr\/wp-json\/wp\/v2\/product_brand?post=12583"},{"taxonomy":"product_cat","embeddable":true,"href":"http:\/\/global-meubles.be\/fr\/wp-json\/wp\/v2\/product_cat?post=12583"},{"taxonomy":"product_tag","embeddable":true,"href":"http:\/\/global-meubles.be\/fr\/wp-json\/wp\/v2\/product_tag?post=12583"}],"curies":[{"name":"wp","href":"https:\/\/api.w.org\/{rel}","templated":true}]}}