{"id":12943,"date":"2022-04-06T11:16:24","date_gmt":"2022-04-06T09:16:24","guid":{"rendered":"http:\/\/global-meubles.be\/fr\/?post_type=product&#038;p=12943"},"modified":"2022-07-26T11:25:39","modified_gmt":"2022-07-26T09:25:39","slug":"zittaro","status":"publish","type":"product","link":"http:\/\/global-meubles.be\/fr\/produit\/zittaro\/","title":{"rendered":"Zittaro"},"content":{"rendered":"<p>Dimension :<\/p>\n<p>70 x 200 cm &#8211; 80 x 200 cm &#8211; 90 x 200 cm &#8211; 100 x 200 cm &#8211; 120 x 200 cm<\/p>\n<p>Sommier fixe \u00e0 28 lattes en multiplex<\/p>\n<p>Rotules en plastique agraf\u00e9es sur le cadre<\/p>\n<p>R\u00e9glage confort : 5 doubles lattes r\u00e9glables<\/p>\n<p>R\u00e9partition du poids : bande m\u00e9diane entrelac\u00e9e<\/p>\n","protected":false},"excerpt":{"rendered":"<p>Sommier<\/p>\n<p>70 x 200 cm<\/p>\n<p>80 x 200 cm<\/p>\n<p>90 x 200 cm<\/p>\n","protected":false},"featured_media":12944,"comment_status":"open","ping_status":"closed","template":"","meta":[],"product_brand":[],"product_cat":[153],"product_tag":[],"class_list":{"0":"post-12943","1":"product","2":"type-product","3":"status-publish","4":"has-post-thumbnail","6":"product_cat-sommier","8":"first","9":"instock","10":"shipping-taxable","11":"purchasable","12":"product-type-simple"},"jetpack_sharing_enabled":true,"_links":{"self":[{"href":"http:\/\/global-meubles.be\/fr\/wp-json\/wp\/v2\/product\/12943","targetHints":{"allow":["GET"]}}],"collection":[{"href":"http:\/\/global-meubles.be\/fr\/wp-json\/wp\/v2\/product"}],"about":[{"href":"http:\/\/global-meubles.be\/fr\/wp-json\/wp\/v2\/types\/product"}],"replies":[{"embeddable":true,"href":"http:\/\/global-meubles.be\/fr\/wp-json\/wp\/v2\/comments?post=12943"}],"wp:featuredmedia":[{"embeddable":true,"href":"http:\/\/global-meubles.be\/fr\/wp-json\/wp\/v2\/media\/12944"}],"wp:attachment":[{"href":"http:\/\/global-meubles.be\/fr\/wp-json\/wp\/v2\/media?parent=12943"}],"wp:term":[{"taxonomy":"product_brand","embeddable":true,"href":"http:\/\/global-meubles.be\/fr\/wp-json\/wp\/v2\/product_brand?post=12943"},{"taxonomy":"product_cat","embeddable":true,"href":"http:\/\/global-meubles.be\/fr\/wp-json\/wp\/v2\/product_cat?post=12943"},{"taxonomy":"product_tag","embeddable":true,"href":"http:\/\/global-meubles.be\/fr\/wp-json\/wp\/v2\/product_tag?post=12943"}],"curies":[{"name":"wp","href":"https:\/\/api.w.org\/{rel}","templated":true}]}}