{"id":14565,"date":"2023-03-23T10:41:09","date_gmt":"2023-03-23T09:41:09","guid":{"rendered":"http:\/\/global-meubles.be\/fr\/?post_type=product&#038;p=14565"},"modified":"2023-09-07T18:14:56","modified_gmt":"2023-09-07T16:14:56","slug":"serenity","status":"publish","type":"product","link":"http:\/\/global-meubles.be\/fr\/produit\/serenity\/","title":{"rendered":"Serenity"},"content":{"rendered":"<p>Dimension :<\/p>\n<p>140&#215;200 cm &#8211; 160\u00d7200 cm \u2013 180\u00d7200 cm &#8211; 200&#215;200 cm<\/p>\n<p>T\u00eate de lit luxueuse<\/p>\n<p>Coffre de rangement en m\u00e9tal<\/p>\n<p>Matelas H 32 cm Ressort avec HR Foam<\/p>\n<p>Recommand\u00e9 jusqu\u2019\u00e0 100 kg (par c\u00f4t\u00e9)<\/p>\n<p>Accessoires : Chevet \u2013 Coffre<\/p>\n<p>Coloris : Brun<\/p>\n","protected":false},"excerpt":{"rendered":"<p>Lit coffre avec matelas<\/p>\n<p>140&#215;200 cm<\/p>\n","protected":false},"featured_media":14566,"comment_status":"open","ping_status":"closed","template":"","meta":[],"product_brand":[],"product_cat":[141],"product_tag":[],"class_list":{"0":"post-14565","1":"product","2":"type-product","3":"status-publish","4":"has-post-thumbnail","6":"product_cat-lit-2-personnes","8":"first","9":"instock","10":"shipping-taxable","11":"purchasable","12":"product-type-simple"},"jetpack_sharing_enabled":true,"_links":{"self":[{"href":"http:\/\/global-meubles.be\/fr\/wp-json\/wp\/v2\/product\/14565","targetHints":{"allow":["GET"]}}],"collection":[{"href":"http:\/\/global-meubles.be\/fr\/wp-json\/wp\/v2\/product"}],"about":[{"href":"http:\/\/global-meubles.be\/fr\/wp-json\/wp\/v2\/types\/product"}],"replies":[{"embeddable":true,"href":"http:\/\/global-meubles.be\/fr\/wp-json\/wp\/v2\/comments?post=14565"}],"wp:featuredmedia":[{"embeddable":true,"href":"http:\/\/global-meubles.be\/fr\/wp-json\/wp\/v2\/media\/14566"}],"wp:attachment":[{"href":"http:\/\/global-meubles.be\/fr\/wp-json\/wp\/v2\/media?parent=14565"}],"wp:term":[{"taxonomy":"product_brand","embeddable":true,"href":"http:\/\/global-meubles.be\/fr\/wp-json\/wp\/v2\/product_brand?post=14565"},{"taxonomy":"product_cat","embeddable":true,"href":"http:\/\/global-meubles.be\/fr\/wp-json\/wp\/v2\/product_cat?post=14565"},{"taxonomy":"product_tag","embeddable":true,"href":"http:\/\/global-meubles.be\/fr\/wp-json\/wp\/v2\/product_tag?post=14565"}],"curies":[{"name":"wp","href":"https:\/\/api.w.org\/{rel}","templated":true}]}}