{"id":14591,"date":"2023-03-23T11:24:33","date_gmt":"2023-03-23T10:24:33","guid":{"rendered":"http:\/\/global-meubles.be\/fr\/?post_type=product&#038;p=14591"},"modified":"2023-09-07T18:13:32","modified_gmt":"2023-09-07T16:13:32","slug":"celine","status":"publish","type":"product","link":"http:\/\/global-meubles.be\/fr\/produit\/celine\/","title":{"rendered":"Celine"},"content":{"rendered":"<p>Dimension :<\/p>\n<p>140&#215;200 cm &#8211; 160\u00d7200 cm \u2013 180\u00d7200 cm &#8211; 200&#215;200 cm<\/p>\n<p>T\u00eate de lit luxueuse<\/p>\n<p>Coffre de rangement en m\u00e9tal<\/p>\n<p>Matelas H 32 cm Ressort Bonnell avec HR Foam<\/p>\n<p>Recommand\u00e9 jusqu\u2019\u00e0 100 kg (par c\u00f4t\u00e9)<\/p>\n<p>Accessoires : Chevet \u2013 Coffre<\/p>\n<p>Coloris : Brun &#8211; Beige<\/p>\n","protected":false},"excerpt":{"rendered":"<p>Lit coffre avec matelas<\/p>\n<p>140&#215;200 cm<\/p>\n","protected":false},"featured_media":14592,"comment_status":"open","ping_status":"closed","template":"","meta":[],"product_brand":[],"product_cat":[141],"product_tag":[],"class_list":{"0":"post-14591","1":"product","2":"type-product","3":"status-publish","4":"has-post-thumbnail","6":"product_cat-lit-2-personnes","8":"first","9":"instock","10":"shipping-taxable","11":"purchasable","12":"product-type-simple"},"jetpack_sharing_enabled":true,"_links":{"self":[{"href":"http:\/\/global-meubles.be\/fr\/wp-json\/wp\/v2\/product\/14591","targetHints":{"allow":["GET"]}}],"collection":[{"href":"http:\/\/global-meubles.be\/fr\/wp-json\/wp\/v2\/product"}],"about":[{"href":"http:\/\/global-meubles.be\/fr\/wp-json\/wp\/v2\/types\/product"}],"replies":[{"embeddable":true,"href":"http:\/\/global-meubles.be\/fr\/wp-json\/wp\/v2\/comments?post=14591"}],"wp:featuredmedia":[{"embeddable":true,"href":"http:\/\/global-meubles.be\/fr\/wp-json\/wp\/v2\/media\/14592"}],"wp:attachment":[{"href":"http:\/\/global-meubles.be\/fr\/wp-json\/wp\/v2\/media?parent=14591"}],"wp:term":[{"taxonomy":"product_brand","embeddable":true,"href":"http:\/\/global-meubles.be\/fr\/wp-json\/wp\/v2\/product_brand?post=14591"},{"taxonomy":"product_cat","embeddable":true,"href":"http:\/\/global-meubles.be\/fr\/wp-json\/wp\/v2\/product_cat?post=14591"},{"taxonomy":"product_tag","embeddable":true,"href":"http:\/\/global-meubles.be\/fr\/wp-json\/wp\/v2\/product_tag?post=14591"}],"curies":[{"name":"wp","href":"https:\/\/api.w.org\/{rel}","templated":true}]}}