{"id":15287,"date":"2023-09-15T12:23:18","date_gmt":"2023-09-15T10:23:18","guid":{"rendered":"https:\/\/global-meubles.be\/fr\/?post_type=product&#038;p=15287"},"modified":"2025-04-26T15:16:14","modified_gmt":"2025-04-26T13:16:14","slug":"rosie-3","status":"publish","type":"product","link":"http:\/\/global-meubles.be\/fr\/produit\/rosie-3\/","title":{"rendered":"Rosie"},"content":{"rendered":"<p>Chambre \u00e0 coucher de haute qualit\u00e9 avec une finition<br \/>\nsophistiqu\u00e9e et un confort d\u2019utilisation \u00e9lev\u00e9.<\/p>\n<p>Principales mati\u00e8res :<\/p>\n<p>C\u00f4t\u00e9s + Portes : Portes : M\u00e9lamin\u00e9 sur des panneaux de particules<br \/>\nArmoire : Portes : M\u00e9lamin\u00e9 sur des panneaux de particules<br \/>\nMiroirs: Verre fum\u00e9<br \/>\nTiroirs : Soft close<\/p>\n<p>Dimension :<\/p>\n<p>Armoire : L 245 cm H 221 cm P 63 cm<br \/>\nLit : 140 cm x 200 cm<br \/>\nLit : 160 cm x 200 cm<br \/>\nLit : 180 cm x 200 cm<br \/>\nChevet : L 55 cm H 45 cm P 41 cm<br \/>\nCommode : L 110 cm H 75 cm P 46 cm<br \/>\nMiroir : L 65 cm H 110 cm<\/p>\n<p>Teinte : Noir<\/p>\n","protected":false},"excerpt":{"rendered":"<p>Armoire 245 cm<\/p>\n<p>Lit 160 cm<\/p>\n<p>2 Chevets<\/p>\n","protected":false},"featured_media":15288,"comment_status":"open","ping_status":"closed","template":"","meta":[],"product_brand":[],"product_cat":[132],"product_tag":[],"class_list":{"0":"post-15287","1":"product","2":"type-product","3":"status-publish","4":"has-post-thumbnail","6":"product_cat-chambre-adulte","8":"first","9":"instock","10":"shipping-taxable","11":"purchasable","12":"product-type-simple"},"jetpack_sharing_enabled":true,"_links":{"self":[{"href":"http:\/\/global-meubles.be\/fr\/wp-json\/wp\/v2\/product\/15287","targetHints":{"allow":["GET"]}}],"collection":[{"href":"http:\/\/global-meubles.be\/fr\/wp-json\/wp\/v2\/product"}],"about":[{"href":"http:\/\/global-meubles.be\/fr\/wp-json\/wp\/v2\/types\/product"}],"replies":[{"embeddable":true,"href":"http:\/\/global-meubles.be\/fr\/wp-json\/wp\/v2\/comments?post=15287"}],"wp:featuredmedia":[{"embeddable":true,"href":"http:\/\/global-meubles.be\/fr\/wp-json\/wp\/v2\/media\/15288"}],"wp:attachment":[{"href":"http:\/\/global-meubles.be\/fr\/wp-json\/wp\/v2\/media?parent=15287"}],"wp:term":[{"taxonomy":"product_brand","embeddable":true,"href":"http:\/\/global-meubles.be\/fr\/wp-json\/wp\/v2\/product_brand?post=15287"},{"taxonomy":"product_cat","embeddable":true,"href":"http:\/\/global-meubles.be\/fr\/wp-json\/wp\/v2\/product_cat?post=15287"},{"taxonomy":"product_tag","embeddable":true,"href":"http:\/\/global-meubles.be\/fr\/wp-json\/wp\/v2\/product_tag?post=15287"}],"curies":[{"name":"wp","href":"https:\/\/api.w.org\/{rel}","templated":true}]}}