{"id":15391,"date":"2023-10-18T12:50:19","date_gmt":"2023-10-18T10:50:19","guid":{"rendered":"https:\/\/global-meubles.be\/fr\/?post_type=product&#038;p=15391"},"modified":"2026-04-07T18:22:39","modified_gmt":"2026-04-07T16:22:39","slug":"jaipur","status":"publish","type":"product","link":"http:\/\/global-meubles.be\/fr\/produit\/jaipur\/","title":{"rendered":"Jaipur"},"content":{"rendered":"<p>Dimension :<\/p>\n<p>La<b>\u00a0salle \u00e0 manger\u00a0<\/b>JAIPUR est compos\u00e9e de meubles r\u00e9alis\u00e9s en\u00a0<b>d\u00e9cor bois old teak<\/b>.\u00a0\u00c9galement disponible avec le motif \u00e0 <strong>chevrons<\/strong>.<\/p>\n<p>Bahut I :\u00a0 2p.+ 2 tiroirs : L 158 cm H 78 cm P 50 cm<\/p>\n<p>Babut II : 4p.+ 2 tiroirs : L 207 cm H 78 cm P 50 cm<\/p>\n<p>Bahut III : 4p.+ 2 tiroirs : L 231.2 cm H 78 cm P 50 cm<\/p>\n<p>Argentier : L 108 cm H 162 cm P 50 cm<\/p>\n<p>Colonne : L 83 cm H 162 cm P 50 cm<\/p>\n<p>Meuble T\u00e9l\u00e9vision I : L 158 cm H 48 cm P 50 cm<\/p>\n<p>Meuble T\u00e9l\u00e9vision II : L 207 cm H 48 cm P 50 cm<\/p>\n<p>Table \u00e0 manger : 4 dimensions et 3 versions<\/p>\n<p>Dimension:<\/p>\n<p>\u2013 L 163 cm H 76 cm P 100 cm<\/p>\n<p>\u2013 L 183 cm H 76 cm P 100 cm<\/p>\n<p>\u2013 L 225 cm H 76 cm P 100 cm<\/p>\n<p>\u2013 L 135 cm H 76 cm P 135 cm (uniquement plateau fin)<\/p>\n<p>\u2013 Allongeable : L 163 (+50) H 76 cm P 100 cm uniquement pieds m\u00e9tal<\/p>\n<p>\u2013 Allongeable : L 183 (+50) H 76 cm P 100 cm uniquement pieds m\u00e9tal<\/p>\n<p>\u2013 Allongeable : L 225 (+70) H 76 cm P 100 cm uniquement pieds m\u00e9tal<\/p>\n<p>Version:<\/p>\n<p>&#8211; 4 pieds<\/p>\n<p>&#8211; 2 pieds en A (couleur m\u00e9tal)<\/p>\n<p>&#8211; 2 pieds en croisillons (couleur m\u00e9tal)<\/p>\n<p>&#8211; 2 pieds m\u00e9tal<\/p>\n<p>&#8211; Pied central (couleur m\u00e9tal)<\/p>\n<p><em>Allonge de table uniquement disponible pour table format rectangulaire\u00a0<\/em><\/p>\n<p>Table basse :\u00a0 Existe en 4 dimensions et 3 versions<\/p>\n<p>Dimension:<\/p>\n<p>\u2013 L 67 cm H 34 cm P 67 cm<\/p>\n<p>\u2013 L 135 cm H 34 cm P 67 cm<\/p>\n<p>\u2013 L 135 cm H 34 cm P 67 cm<\/p>\n<p>Version:<\/p>\n<p>\u2013 Pied central, plateau oval<\/p>\n<p>\u2013 4 pieds, plateau \u00e9pais<\/p>\n<p>\u2013 2 pieds croisillon, plateau \u00e9pais<\/p>\n<p>D\u00e9lai de livraison: +- 4 \u00e0 8 semaines<\/p>\n<p>&nbsp;<\/p>\n","protected":false},"excerpt":{"rendered":"<p>Dressoir 207 cm<\/p>\n<p>Argentier<\/p>\n<p>Table \u00e0 manger 163 cm Ovale<\/p>\n","protected":false},"featured_media":15389,"comment_status":"open","ping_status":"closed","template":"","meta":[],"product_brand":[],"product_cat":[135],"product_tag":[],"class_list":{"0":"post-15391","1":"product","2":"type-product","3":"status-publish","4":"has-post-thumbnail","6":"product_cat-collection-complete","8":"first","9":"outofstock","10":"shipping-taxable","11":"purchasable","12":"product-type-simple"},"jetpack_sharing_enabled":true,"_links":{"self":[{"href":"http:\/\/global-meubles.be\/fr\/wp-json\/wp\/v2\/product\/15391","targetHints":{"allow":["GET"]}}],"collection":[{"href":"http:\/\/global-meubles.be\/fr\/wp-json\/wp\/v2\/product"}],"about":[{"href":"http:\/\/global-meubles.be\/fr\/wp-json\/wp\/v2\/types\/product"}],"replies":[{"embeddable":true,"href":"http:\/\/global-meubles.be\/fr\/wp-json\/wp\/v2\/comments?post=15391"}],"wp:featuredmedia":[{"embeddable":true,"href":"http:\/\/global-meubles.be\/fr\/wp-json\/wp\/v2\/media\/15389"}],"wp:attachment":[{"href":"http:\/\/global-meubles.be\/fr\/wp-json\/wp\/v2\/media?parent=15391"}],"wp:term":[{"taxonomy":"product_brand","embeddable":true,"href":"http:\/\/global-meubles.be\/fr\/wp-json\/wp\/v2\/product_brand?post=15391"},{"taxonomy":"product_cat","embeddable":true,"href":"http:\/\/global-meubles.be\/fr\/wp-json\/wp\/v2\/product_cat?post=15391"},{"taxonomy":"product_tag","embeddable":true,"href":"http:\/\/global-meubles.be\/fr\/wp-json\/wp\/v2\/product_tag?post=15391"}],"curies":[{"name":"wp","href":"https:\/\/api.w.org\/{rel}","templated":true}]}}