{"id":15649,"date":"2024-02-21T14:49:04","date_gmt":"2024-02-21T13:49:04","guid":{"rendered":"https:\/\/global-meubles.be\/fr\/?post_type=product&#038;p=15649"},"modified":"2025-04-25T10:47:38","modified_gmt":"2025-04-25T08:47:38","slug":"samson","status":"publish","type":"product","link":"http:\/\/global-meubles.be\/fr\/produit\/samson\/","title":{"rendered":"Samson"},"content":{"rendered":"<p>Enfilade:<br \/>\nC\u00f4t\u00e9s, dessus: d\u00e9cor papier sur des panneaux des particules<br \/>\nArgentier+ meuble TV et table basse: idem enfilade<br \/>\nTable: plateau de table m\u00e9lamin\u00e9 et pi\u00e8tement en h\u00eatre massif<br \/>\nPortes + tiroirs : softclose<\/p>\n<p>Pi\u00e9tement : synth\u00e9tique + choix de pi\u00e8tement pour tables<\/p>\n<p>Dimension:<\/p>\n<p>Enfilade : L 220 cm H 92 cm P 50 cm<br \/>\nVitrine : L 100 cm H 180 cm P 48 cm<br \/>\nTable 170 Pied X ou U : L 170 cm H 76 cm P 100 cm<br \/>\nTable 200 Pied X ou U: L 200 cm H 76 cm P 100 cm<br \/>\nTable 230 Pied X ou U: L 230 cm H 76 cm P 100 cm<br \/>\nTable 170 allongeable : L 170-225 cm H 76 cm P 100 cm<\/p>\n<p>Meuble tv I : L 162 cm H 53 cm P 48 cm<br \/>\nTable basse Pied X ou U : L 130 cm H 46 cm P 68 cm<\/p>\n<p>Teintes: Orca<\/p>\n","protected":false},"excerpt":{"rendered":"<p>Salle \u00e0 manger:<\/p>\n<p>Dressoir<\/p>\n<p>Vitrine<\/p>\n<p>Table \u00e0 manger 170 cm<\/p>\n","protected":false},"featured_media":15650,"comment_status":"open","ping_status":"closed","template":"","meta":[],"product_brand":[],"product_cat":[15],"product_tag":[],"class_list":{"0":"post-15649","1":"product","2":"type-product","3":"status-publish","4":"has-post-thumbnail","6":"product_cat-non-classe","8":"first","9":"instock","10":"shipping-taxable","11":"purchasable","12":"product-type-simple"},"jetpack_sharing_enabled":true,"_links":{"self":[{"href":"http:\/\/global-meubles.be\/fr\/wp-json\/wp\/v2\/product\/15649","targetHints":{"allow":["GET"]}}],"collection":[{"href":"http:\/\/global-meubles.be\/fr\/wp-json\/wp\/v2\/product"}],"about":[{"href":"http:\/\/global-meubles.be\/fr\/wp-json\/wp\/v2\/types\/product"}],"replies":[{"embeddable":true,"href":"http:\/\/global-meubles.be\/fr\/wp-json\/wp\/v2\/comments?post=15649"}],"wp:featuredmedia":[{"embeddable":true,"href":"http:\/\/global-meubles.be\/fr\/wp-json\/wp\/v2\/media\/15650"}],"wp:attachment":[{"href":"http:\/\/global-meubles.be\/fr\/wp-json\/wp\/v2\/media?parent=15649"}],"wp:term":[{"taxonomy":"product_brand","embeddable":true,"href":"http:\/\/global-meubles.be\/fr\/wp-json\/wp\/v2\/product_brand?post=15649"},{"taxonomy":"product_cat","embeddable":true,"href":"http:\/\/global-meubles.be\/fr\/wp-json\/wp\/v2\/product_cat?post=15649"},{"taxonomy":"product_tag","embeddable":true,"href":"http:\/\/global-meubles.be\/fr\/wp-json\/wp\/v2\/product_tag?post=15649"}],"curies":[{"name":"wp","href":"https:\/\/api.w.org\/{rel}","templated":true}]}}