{"id":15737,"date":"2024-04-16T13:31:14","date_gmt":"2024-04-16T11:31:14","guid":{"rendered":"https:\/\/global-meubles.be\/fr\/?post_type=product&#038;p=15737"},"modified":"2025-04-26T15:18:04","modified_gmt":"2025-04-26T13:18:04","slug":"sofia-2","status":"publish","type":"product","link":"http:\/\/global-meubles.be\/fr\/produit\/sofia-2\/","title":{"rendered":"Sofia"},"content":{"rendered":"<p>Principales mati\u00e8res :<\/p>\n<p>C\u00f4t\u00e9s + Portes : Papier d\u00e9cor sur des panneaux de particules<br \/>\nArmoire : Papier d\u00e9cor sur des panneaux de particules<br \/>\nPlacard int\u00e9rieur<br \/>\nTiroirs : soft close<\/p>\n<p>Dimension :<\/p>\n<p>Armoire : L 245 cm H 219 cm P 62 cm<br \/>\nLit : 140 cm x 200 cm<br \/>\nLit : 160 cm x 200 cm<br \/>\nLit : 180 cm x 200 cm<br \/>\nChevet : L 53 cm H 41 cm P 45 cm<br \/>\nCommode : L 110 cm H 74 cm P 46 cm<br \/>\nMiroir : L 65 cm H 110 cm<\/p>\n<p>Teinte : Canyon<\/p>\n","protected":false},"excerpt":{"rendered":"<p>Chambre \u00e0 coucher :<\/p>\n<p>Armoire 245 cm<\/p>\n<p>Lit 160\u00d7200 cm<\/p>\n<p>Chevets<\/p>\n","protected":false},"featured_media":15743,"comment_status":"open","ping_status":"closed","template":"","meta":[],"product_brand":[],"product_cat":[132],"product_tag":[],"class_list":{"0":"post-15737","1":"product","2":"type-product","3":"status-publish","4":"has-post-thumbnail","6":"product_cat-chambre-adulte","8":"first","9":"instock","10":"shipping-taxable","11":"purchasable","12":"product-type-simple"},"jetpack_sharing_enabled":true,"_links":{"self":[{"href":"http:\/\/global-meubles.be\/fr\/wp-json\/wp\/v2\/product\/15737","targetHints":{"allow":["GET"]}}],"collection":[{"href":"http:\/\/global-meubles.be\/fr\/wp-json\/wp\/v2\/product"}],"about":[{"href":"http:\/\/global-meubles.be\/fr\/wp-json\/wp\/v2\/types\/product"}],"replies":[{"embeddable":true,"href":"http:\/\/global-meubles.be\/fr\/wp-json\/wp\/v2\/comments?post=15737"}],"wp:featuredmedia":[{"embeddable":true,"href":"http:\/\/global-meubles.be\/fr\/wp-json\/wp\/v2\/media\/15743"}],"wp:attachment":[{"href":"http:\/\/global-meubles.be\/fr\/wp-json\/wp\/v2\/media?parent=15737"}],"wp:term":[{"taxonomy":"product_brand","embeddable":true,"href":"http:\/\/global-meubles.be\/fr\/wp-json\/wp\/v2\/product_brand?post=15737"},{"taxonomy":"product_cat","embeddable":true,"href":"http:\/\/global-meubles.be\/fr\/wp-json\/wp\/v2\/product_cat?post=15737"},{"taxonomy":"product_tag","embeddable":true,"href":"http:\/\/global-meubles.be\/fr\/wp-json\/wp\/v2\/product_tag?post=15737"}],"curies":[{"name":"wp","href":"https:\/\/api.w.org\/{rel}","templated":true}]}}