{"id":15768,"date":"2024-04-16T14:47:30","date_gmt":"2024-04-16T12:47:30","guid":{"rendered":"https:\/\/global-meubles.be\/fr\/?post_type=product&#038;p=15768"},"modified":"2024-04-16T14:47:34","modified_gmt":"2024-04-16T12:47:34","slug":"leonardo","status":"publish","type":"product","link":"http:\/\/global-meubles.be\/fr\/produit\/leonardo\/","title":{"rendered":"Leonardo"},"content":{"rendered":"<p>Le fauteuil poss\u00e8de les derni\u00e8res technologies de relaxation. L&#8217;appui-t\u00eate et les repose-jambes sont r\u00e9glables \u00e9lectriquement gr\u00e2ce \u00e0 ses 2 moteurs. Le fauteuil relax vous offre un confort d&#8217;assise in\u00e9galable avec un design magnifique.<br \/>\nRev\u00eatement :<br \/>\nAssise et dos : Cuir<br \/>\nC\u00f4t\u00e9s + repose pied : Cuir<br \/>\nTeintes : Cuir anthracite ou Cuir noir<\/p>\n","protected":false},"excerpt":{"rendered":"<p>Fauteuil relax<\/p>\n","protected":false},"featured_media":15771,"comment_status":"open","ping_status":"closed","template":"","meta":[],"product_brand":[],"product_cat":[156],"product_tag":[],"class_list":{"0":"post-15768","1":"product","2":"type-product","3":"status-publish","4":"has-post-thumbnail","6":"product_cat-salon-relax","8":"first","9":"instock","10":"shipping-taxable","11":"purchasable","12":"product-type-simple"},"jetpack_sharing_enabled":true,"_links":{"self":[{"href":"http:\/\/global-meubles.be\/fr\/wp-json\/wp\/v2\/product\/15768","targetHints":{"allow":["GET"]}}],"collection":[{"href":"http:\/\/global-meubles.be\/fr\/wp-json\/wp\/v2\/product"}],"about":[{"href":"http:\/\/global-meubles.be\/fr\/wp-json\/wp\/v2\/types\/product"}],"replies":[{"embeddable":true,"href":"http:\/\/global-meubles.be\/fr\/wp-json\/wp\/v2\/comments?post=15768"}],"wp:featuredmedia":[{"embeddable":true,"href":"http:\/\/global-meubles.be\/fr\/wp-json\/wp\/v2\/media\/15771"}],"wp:attachment":[{"href":"http:\/\/global-meubles.be\/fr\/wp-json\/wp\/v2\/media?parent=15768"}],"wp:term":[{"taxonomy":"product_brand","embeddable":true,"href":"http:\/\/global-meubles.be\/fr\/wp-json\/wp\/v2\/product_brand?post=15768"},{"taxonomy":"product_cat","embeddable":true,"href":"http:\/\/global-meubles.be\/fr\/wp-json\/wp\/v2\/product_cat?post=15768"},{"taxonomy":"product_tag","embeddable":true,"href":"http:\/\/global-meubles.be\/fr\/wp-json\/wp\/v2\/product_tag?post=15768"}],"curies":[{"name":"wp","href":"https:\/\/api.w.org\/{rel}","templated":true}]}}