{"id":15791,"date":"2024-06-13T12:31:21","date_gmt":"2024-06-13T10:31:21","guid":{"rendered":"https:\/\/global-meubles.be\/fr\/?post_type=product&#038;p=15791"},"modified":"2024-06-13T12:32:36","modified_gmt":"2024-06-13T10:32:36","slug":"crown","status":"publish","type":"product","link":"http:\/\/global-meubles.be\/fr\/produit\/crown\/","title":{"rendered":"Crown"},"content":{"rendered":"<p>Dimension :<\/p>\n<p>90\u00d7200 cm \u2013 120\u00d7200 cm &#8211; 140&#215;200 cm &#8211; 160&#215;200 cm &#8211; 180&#215;200 cm<\/p>\n<p>T\u00eate de lit luxueuse\u00a0 H 130 cm<\/p>\n<p>Coffre de rangement en m\u00e9tal H 28 cm<\/p>\n<p>Matelas H 26 cm\u00a0 ressort Bonnell<\/p>\n<p>6 pieds ronds par coffre H 12 cm<\/p>\n<p>Recommand\u00e9 jusqu\u2019\u00e0 100 kg (par c\u00f4t\u00e9)<\/p>\n<p>Coloris : Plusieurs coloris<\/p>\n","protected":false},"excerpt":{"rendered":"<p>Lit coffre avec matelas<\/p>\n<p>90&#215;200 cm<\/p>\n","protected":false},"featured_media":15858,"comment_status":"open","ping_status":"closed","template":"","meta":[],"product_brand":[],"product_cat":[142],"product_tag":[],"class_list":{"0":"post-15791","1":"product","2":"type-product","3":"status-publish","4":"has-post-thumbnail","6":"product_cat-lit-1-personne","8":"first","9":"instock","10":"shipping-taxable","11":"purchasable","12":"product-type-simple"},"jetpack_sharing_enabled":true,"_links":{"self":[{"href":"http:\/\/global-meubles.be\/fr\/wp-json\/wp\/v2\/product\/15791","targetHints":{"allow":["GET"]}}],"collection":[{"href":"http:\/\/global-meubles.be\/fr\/wp-json\/wp\/v2\/product"}],"about":[{"href":"http:\/\/global-meubles.be\/fr\/wp-json\/wp\/v2\/types\/product"}],"replies":[{"embeddable":true,"href":"http:\/\/global-meubles.be\/fr\/wp-json\/wp\/v2\/comments?post=15791"}],"wp:featuredmedia":[{"embeddable":true,"href":"http:\/\/global-meubles.be\/fr\/wp-json\/wp\/v2\/media\/15858"}],"wp:attachment":[{"href":"http:\/\/global-meubles.be\/fr\/wp-json\/wp\/v2\/media?parent=15791"}],"wp:term":[{"taxonomy":"product_brand","embeddable":true,"href":"http:\/\/global-meubles.be\/fr\/wp-json\/wp\/v2\/product_brand?post=15791"},{"taxonomy":"product_cat","embeddable":true,"href":"http:\/\/global-meubles.be\/fr\/wp-json\/wp\/v2\/product_cat?post=15791"},{"taxonomy":"product_tag","embeddable":true,"href":"http:\/\/global-meubles.be\/fr\/wp-json\/wp\/v2\/product_tag?post=15791"}],"curies":[{"name":"wp","href":"https:\/\/api.w.org\/{rel}","templated":true}]}}