{"id":15795,"date":"2024-06-04T12:36:17","date_gmt":"2024-06-04T10:36:17","guid":{"rendered":"https:\/\/global-meubles.be\/fr\/?post_type=product&#038;p=15795"},"modified":"2024-06-04T13:02:58","modified_gmt":"2024-06-04T11:02:58","slug":"capella","status":"publish","type":"product","link":"http:\/\/global-meubles.be\/fr\/produit\/capella\/","title":{"rendered":"Capella"},"content":{"rendered":"<p>T\u00eate de lit doux en 4 parties<\/p>\n<p>Coffre de rangement en m\u00e9tal H 28 cm<\/p>\n<p>Matelas H 32 cm ressort Bonnell avec HR Foam<\/p>\n<p>6 pieds ronds par coffre H 12 cm<\/p>\n<p>Recommand\u00e9 jusqu\u2019\u00e0 120 kg (par c\u00f4t\u00e9)<\/p>\n<p>Accessoires : Chevet L 55 cm H 67 cm P 47 cm<\/p>\n<p>Coloris : Gris<\/p>\n","protected":false},"excerpt":{"rendered":"<p>Lit coffre avec matelas<\/p>\n<p>2 Chevets<\/p>\n<p>160&#215;200 cm<\/p>\n","protected":false},"featured_media":15806,"comment_status":"open","ping_status":"closed","template":"","meta":[],"product_brand":[],"product_cat":[141],"product_tag":[],"class_list":{"0":"post-15795","1":"product","2":"type-product","3":"status-publish","4":"has-post-thumbnail","6":"product_cat-lit-2-personnes","8":"first","9":"instock","10":"shipping-taxable","11":"purchasable","12":"product-type-simple"},"jetpack_sharing_enabled":true,"_links":{"self":[{"href":"http:\/\/global-meubles.be\/fr\/wp-json\/wp\/v2\/product\/15795","targetHints":{"allow":["GET"]}}],"collection":[{"href":"http:\/\/global-meubles.be\/fr\/wp-json\/wp\/v2\/product"}],"about":[{"href":"http:\/\/global-meubles.be\/fr\/wp-json\/wp\/v2\/types\/product"}],"replies":[{"embeddable":true,"href":"http:\/\/global-meubles.be\/fr\/wp-json\/wp\/v2\/comments?post=15795"}],"wp:featuredmedia":[{"embeddable":true,"href":"http:\/\/global-meubles.be\/fr\/wp-json\/wp\/v2\/media\/15806"}],"wp:attachment":[{"href":"http:\/\/global-meubles.be\/fr\/wp-json\/wp\/v2\/media?parent=15795"}],"wp:term":[{"taxonomy":"product_brand","embeddable":true,"href":"http:\/\/global-meubles.be\/fr\/wp-json\/wp\/v2\/product_brand?post=15795"},{"taxonomy":"product_cat","embeddable":true,"href":"http:\/\/global-meubles.be\/fr\/wp-json\/wp\/v2\/product_cat?post=15795"},{"taxonomy":"product_tag","embeddable":true,"href":"http:\/\/global-meubles.be\/fr\/wp-json\/wp\/v2\/product_tag?post=15795"}],"curies":[{"name":"wp","href":"https:\/\/api.w.org\/{rel}","templated":true}]}}