{"id":15810,"date":"2024-06-04T13:12:14","date_gmt":"2024-06-04T11:12:14","guid":{"rendered":"https:\/\/global-meubles.be\/fr\/?post_type=product&#038;p=15810"},"modified":"2025-03-11T14:16:42","modified_gmt":"2025-03-11T13:16:42","slug":"lotus","status":"publish","type":"product","link":"http:\/\/global-meubles.be\/fr\/produit\/lotus\/","title":{"rendered":"Lotus"},"content":{"rendered":"<p>Dimension :<\/p>\n<p>140\u00d7200 cm \u2013 160\u00d7200 cm \u2013 180\u00d7200 cm<\/p>\n<p>T\u00eate de lit luxueuse\u00a0 H 120 cm<\/p>\n<p>Matelas H 26 cm ressort ensach\u00e9s en mousse HR<\/p>\n<p>Coffre de rangement en m\u00e9tal H 28 cm<\/p>\n<p>Recommand\u00e9 jusqu\u2019\u00e0 120 kg (par c\u00f4t\u00e9)<\/p>\n<p>Accessoires : Chevet \u2013 Coffre<\/p>\n<p>Plusieurs coloris<\/p>\n","protected":false},"excerpt":{"rendered":"<p>Lit coffre avec matelas<\/p>\n<p>160&#215;200 cm<\/p>\n","protected":false},"featured_media":15816,"comment_status":"open","ping_status":"closed","template":"","meta":[],"product_brand":[],"product_cat":[141],"product_tag":[],"class_list":{"0":"post-15810","1":"product","2":"type-product","3":"status-publish","4":"has-post-thumbnail","6":"product_cat-lit-2-personnes","8":"first","9":"instock","10":"shipping-taxable","11":"purchasable","12":"product-type-simple"},"jetpack_sharing_enabled":true,"_links":{"self":[{"href":"http:\/\/global-meubles.be\/fr\/wp-json\/wp\/v2\/product\/15810","targetHints":{"allow":["GET"]}}],"collection":[{"href":"http:\/\/global-meubles.be\/fr\/wp-json\/wp\/v2\/product"}],"about":[{"href":"http:\/\/global-meubles.be\/fr\/wp-json\/wp\/v2\/types\/product"}],"replies":[{"embeddable":true,"href":"http:\/\/global-meubles.be\/fr\/wp-json\/wp\/v2\/comments?post=15810"}],"wp:featuredmedia":[{"embeddable":true,"href":"http:\/\/global-meubles.be\/fr\/wp-json\/wp\/v2\/media\/15816"}],"wp:attachment":[{"href":"http:\/\/global-meubles.be\/fr\/wp-json\/wp\/v2\/media?parent=15810"}],"wp:term":[{"taxonomy":"product_brand","embeddable":true,"href":"http:\/\/global-meubles.be\/fr\/wp-json\/wp\/v2\/product_brand?post=15810"},{"taxonomy":"product_cat","embeddable":true,"href":"http:\/\/global-meubles.be\/fr\/wp-json\/wp\/v2\/product_cat?post=15810"},{"taxonomy":"product_tag","embeddable":true,"href":"http:\/\/global-meubles.be\/fr\/wp-json\/wp\/v2\/product_tag?post=15810"}],"curies":[{"name":"wp","href":"https:\/\/api.w.org\/{rel}","templated":true}]}}