{"id":15826,"date":"2024-06-06T12:55:11","date_gmt":"2024-06-06T10:55:11","guid":{"rendered":"https:\/\/global-meubles.be\/fr\/?post_type=product&#038;p=15826"},"modified":"2024-06-06T12:55:13","modified_gmt":"2024-06-06T10:55:13","slug":"odessa","status":"publish","type":"product","link":"http:\/\/global-meubles.be\/fr\/produit\/odessa\/","title":{"rendered":"Odessa"},"content":{"rendered":"<p>Dimension :<\/p>\n<p>160\u00d7200 cm \u2013 180\u00d7200 cm<\/p>\n<p>T\u00eate de lit luxueuse<\/p>\n<p>Coffre de rangement en m\u00e9tal<\/p>\n<p>Matelas H 30 cm Ressort Bonnell avec Mousse HR<\/p>\n<p>Recommand\u00e9 jusqu\u2019\u00e0 120 kg (par c\u00f4t\u00e9)<\/p>\n<p>Coloris : Taupe<\/p>\n","protected":false},"excerpt":{"rendered":"<p>Lit coffre avec matelas 160&#215;200 cm<\/p>\n","protected":false},"featured_media":15831,"comment_status":"open","ping_status":"closed","template":"","meta":[],"product_brand":[],"product_cat":[141],"product_tag":[],"class_list":{"0":"post-15826","1":"product","2":"type-product","3":"status-publish","4":"has-post-thumbnail","6":"product_cat-lit-2-personnes","8":"first","9":"instock","10":"shipping-taxable","11":"purchasable","12":"product-type-simple"},"jetpack_sharing_enabled":true,"_links":{"self":[{"href":"http:\/\/global-meubles.be\/fr\/wp-json\/wp\/v2\/product\/15826","targetHints":{"allow":["GET"]}}],"collection":[{"href":"http:\/\/global-meubles.be\/fr\/wp-json\/wp\/v2\/product"}],"about":[{"href":"http:\/\/global-meubles.be\/fr\/wp-json\/wp\/v2\/types\/product"}],"replies":[{"embeddable":true,"href":"http:\/\/global-meubles.be\/fr\/wp-json\/wp\/v2\/comments?post=15826"}],"wp:featuredmedia":[{"embeddable":true,"href":"http:\/\/global-meubles.be\/fr\/wp-json\/wp\/v2\/media\/15831"}],"wp:attachment":[{"href":"http:\/\/global-meubles.be\/fr\/wp-json\/wp\/v2\/media?parent=15826"}],"wp:term":[{"taxonomy":"product_brand","embeddable":true,"href":"http:\/\/global-meubles.be\/fr\/wp-json\/wp\/v2\/product_brand?post=15826"},{"taxonomy":"product_cat","embeddable":true,"href":"http:\/\/global-meubles.be\/fr\/wp-json\/wp\/v2\/product_cat?post=15826"},{"taxonomy":"product_tag","embeddable":true,"href":"http:\/\/global-meubles.be\/fr\/wp-json\/wp\/v2\/product_tag?post=15826"}],"curies":[{"name":"wp","href":"https:\/\/api.w.org\/{rel}","templated":true}]}}