{"id":16081,"date":"2025-03-31T12:10:48","date_gmt":"2025-03-31T10:10:48","guid":{"rendered":"http:\/\/global-meubles.be\/fr\/?post_type=product&#038;p=16081"},"modified":"2025-03-31T12:11:36","modified_gmt":"2025-03-31T10:11:36","slug":"rico","status":"publish","type":"product","link":"http:\/\/global-meubles.be\/fr\/produit\/rico\/","title":{"rendered":"Rico"},"content":{"rendered":"<p>Principales mati\u00e8res:<\/p>\n<p>Enfilade:<br \/>\nC\u00f4t\u00e9s, dessus: d\u00e9cor papier sur des panneaux des particules<br \/>\nArgentier+ meuble TV et table basse: idem enfilade<br \/>\nD\u00e9cor papier sur un panneau de particules<br \/>\nTiroirs : Soft close<br \/>\nPi\u00e9tement : synth\u00e9tique + m\u00e9tal poudre noir<\/p>\n<p>Dimension:<\/p>\n<p>Enfilade I : L 165 cm H 90 cm P 48 cm<br \/>\nEnfilade II : L 241 cm H 90 cm P 48 cm<br \/>\nVitrine : L 121 cm H 183 cm P 48 cm<\/p>\n<p>Table \u00e0 manger pied A &#8211; U ou X 170 cm : L 170 cm H 76 cm P 100 cm<br \/>\nTable \u00e0 manger pied A &#8211; U ou X 200 cm : L 200 cm H 76 cm P 100 cm<br \/>\nTable \u00e0 manger pied A &#8211; U ou X 230 cm : L 230 cm H 76 cm P 100 cm<br \/>\nMeuble tv : L 164 cm H 55 cm P 48 cm<br \/>\nTable basse : L 130 cm H 46 cm P 68 cm<\/p>\n<p>Teinte : Arizona oak &#8211; Nero<\/p>\n<p>Meubles livr\u00e9: Assembl\u00e9<\/p>\n","protected":false},"excerpt":{"rendered":"<p>Salle \u00e0 manger moderne :<\/p>\n<p>Dressoir 185 cm<\/p>\n<p>Vitrine<\/p>\n<p>Table \u00e0 manger 170 cm<\/p>\n","protected":false},"featured_media":16082,"comment_status":"open","ping_status":"closed","template":"","meta":[],"product_brand":[],"product_cat":[135],"product_tag":[],"class_list":{"0":"post-16081","1":"product","2":"type-product","3":"status-publish","4":"has-post-thumbnail","6":"product_cat-collection-complete","8":"first","9":"instock","10":"shipping-taxable","11":"purchasable","12":"product-type-simple"},"jetpack_sharing_enabled":true,"_links":{"self":[{"href":"http:\/\/global-meubles.be\/fr\/wp-json\/wp\/v2\/product\/16081","targetHints":{"allow":["GET"]}}],"collection":[{"href":"http:\/\/global-meubles.be\/fr\/wp-json\/wp\/v2\/product"}],"about":[{"href":"http:\/\/global-meubles.be\/fr\/wp-json\/wp\/v2\/types\/product"}],"replies":[{"embeddable":true,"href":"http:\/\/global-meubles.be\/fr\/wp-json\/wp\/v2\/comments?post=16081"}],"wp:featuredmedia":[{"embeddable":true,"href":"http:\/\/global-meubles.be\/fr\/wp-json\/wp\/v2\/media\/16082"}],"wp:attachment":[{"href":"http:\/\/global-meubles.be\/fr\/wp-json\/wp\/v2\/media?parent=16081"}],"wp:term":[{"taxonomy":"product_brand","embeddable":true,"href":"http:\/\/global-meubles.be\/fr\/wp-json\/wp\/v2\/product_brand?post=16081"},{"taxonomy":"product_cat","embeddable":true,"href":"http:\/\/global-meubles.be\/fr\/wp-json\/wp\/v2\/product_cat?post=16081"},{"taxonomy":"product_tag","embeddable":true,"href":"http:\/\/global-meubles.be\/fr\/wp-json\/wp\/v2\/product_tag?post=16081"}],"curies":[{"name":"wp","href":"https:\/\/api.w.org\/{rel}","templated":true}]}}