{"id":16167,"date":"2025-04-30T17:53:37","date_gmt":"2025-04-30T15:53:37","guid":{"rendered":"http:\/\/global-meubles.be\/fr\/?post_type=product&#038;p=16167"},"modified":"2025-04-30T17:53:38","modified_gmt":"2025-04-30T15:53:38","slug":"tanya","status":"publish","type":"product","link":"http:\/\/global-meubles.be\/fr\/produit\/tanya\/","title":{"rendered":"Tanya"},"content":{"rendered":"<p>Principales mati\u00e8res :<br \/>\nC\u00f4t\u00e9s + Portes : Papier d\u00e9cor sur des panneaux de particules<br \/>\nArmoire : Papier d\u00e9cor sur des panneaux de particules<br \/>\nMiroirs<br \/>\nTiroirs : soft close<\/p>\n<p>Dimension :<\/p>\n<p>Armoire 251 cm : L 251 cm H 220 cm P 70 cm<br \/>\nArmoire 287 cm : L 287 cm H 220 cm P 70 cm<br \/>\nLit : 140 cm x 200 cm<br \/>\nLit : 160 cm x 200 cm<br \/>\nLit : 180 cm x 200 cm<br \/>\nChevet<br \/>\nCommode : L 111 cm H 81 cm P 48 cm<br \/>\nMiroir : L 65 cm H 110 cm P 1.8 cm<\/p>\n<p>Teinte : Canyon Oak<\/p>\n","protected":false},"excerpt":{"rendered":"<p>Garde-rode 251 cm<\/p>\n<p>Lit 160 cm<\/p>\n<p>2 Chevets<\/p>\n","protected":false},"featured_media":16168,"comment_status":"open","ping_status":"closed","template":"","meta":[],"product_brand":[],"product_cat":[130],"product_tag":[],"class_list":{"0":"post-16167","1":"product","2":"type-product","3":"status-publish","4":"has-post-thumbnail","6":"product_cat-chambre-a-coucher","8":"first","9":"instock","10":"shipping-taxable","11":"purchasable","12":"product-type-simple"},"jetpack_sharing_enabled":true,"_links":{"self":[{"href":"http:\/\/global-meubles.be\/fr\/wp-json\/wp\/v2\/product\/16167","targetHints":{"allow":["GET"]}}],"collection":[{"href":"http:\/\/global-meubles.be\/fr\/wp-json\/wp\/v2\/product"}],"about":[{"href":"http:\/\/global-meubles.be\/fr\/wp-json\/wp\/v2\/types\/product"}],"replies":[{"embeddable":true,"href":"http:\/\/global-meubles.be\/fr\/wp-json\/wp\/v2\/comments?post=16167"}],"wp:featuredmedia":[{"embeddable":true,"href":"http:\/\/global-meubles.be\/fr\/wp-json\/wp\/v2\/media\/16168"}],"wp:attachment":[{"href":"http:\/\/global-meubles.be\/fr\/wp-json\/wp\/v2\/media?parent=16167"}],"wp:term":[{"taxonomy":"product_brand","embeddable":true,"href":"http:\/\/global-meubles.be\/fr\/wp-json\/wp\/v2\/product_brand?post=16167"},{"taxonomy":"product_cat","embeddable":true,"href":"http:\/\/global-meubles.be\/fr\/wp-json\/wp\/v2\/product_cat?post=16167"},{"taxonomy":"product_tag","embeddable":true,"href":"http:\/\/global-meubles.be\/fr\/wp-json\/wp\/v2\/product_tag?post=16167"}],"curies":[{"name":"wp","href":"https:\/\/api.w.org\/{rel}","templated":true}]}}