{"id":16244,"date":"2025-08-29T16:00:48","date_gmt":"2025-08-29T14:00:48","guid":{"rendered":"https:\/\/global-meubles.be\/fr\/?post_type=product&#038;p=16244"},"modified":"2025-08-29T16:00:49","modified_gmt":"2025-08-29T14:00:49","slug":"udine","status":"publish","type":"product","link":"http:\/\/global-meubles.be\/fr\/produit\/udine\/","title":{"rendered":"Udine"},"content":{"rendered":"<p>Chambre \u00e0 coucher de haute qualit\u00e9 avec une finition<br \/>\nsophistiqu\u00e9e et un confort d\u2019utilisation \u00e9lev\u00e9.<\/p>\n<p>Principales mati\u00e8res :<\/p>\n<p>C\u00f4t\u00e9s + Portes : Portes : M\u00e9lamin\u00e9 sur des panneaux de particules<br \/>\nArmoire : Portes : M\u00e9lamin\u00e9 sur des panneaux de particules<br \/>\nMiroirs: verre fum\u00e9<br \/>\nTiroirs : soft close<\/p>\n<p>Dimension :<\/p>\n<p>Armoire I : L 253 cm H 221 cm P 67 cm<br \/>\nArmoire II : L 288 cm H 221 cm P 67 cm<br \/>\nLit 140 cm : L 169 cm H 206 cm P 110 cm<br \/>\nLit 160 cm : L 189 cm H 206 cm P 110 cm<br \/>\nLit 180 cm : L 209 cm H 206 cm P 110 cm<br \/>\nChevet : L 54 cm H 45 cm P 42 cm<br \/>\nCommode : L 115 cm H 80 cm P 46 cm<br \/>\nMiroir : L 65 cm H 110 cm<\/p>\n<p>Teinte : Urban oak<\/p>\n","protected":false},"excerpt":{"rendered":"<p>Armoire 253 cm<\/p>\n<p>Lit 160\u00d7200 cm<\/p>\n<p>2 Chevets<\/p>\n","protected":false},"featured_media":16245,"comment_status":"open","ping_status":"closed","template":"","meta":[],"product_brand":[],"product_cat":[132],"product_tag":[],"class_list":{"0":"post-16244","1":"product","2":"type-product","3":"status-publish","4":"has-post-thumbnail","6":"product_cat-chambre-adulte","8":"first","9":"instock","10":"shipping-taxable","11":"purchasable","12":"product-type-simple"},"jetpack_sharing_enabled":true,"_links":{"self":[{"href":"http:\/\/global-meubles.be\/fr\/wp-json\/wp\/v2\/product\/16244","targetHints":{"allow":["GET"]}}],"collection":[{"href":"http:\/\/global-meubles.be\/fr\/wp-json\/wp\/v2\/product"}],"about":[{"href":"http:\/\/global-meubles.be\/fr\/wp-json\/wp\/v2\/types\/product"}],"replies":[{"embeddable":true,"href":"http:\/\/global-meubles.be\/fr\/wp-json\/wp\/v2\/comments?post=16244"}],"wp:featuredmedia":[{"embeddable":true,"href":"http:\/\/global-meubles.be\/fr\/wp-json\/wp\/v2\/media\/16245"}],"wp:attachment":[{"href":"http:\/\/global-meubles.be\/fr\/wp-json\/wp\/v2\/media?parent=16244"}],"wp:term":[{"taxonomy":"product_brand","embeddable":true,"href":"http:\/\/global-meubles.be\/fr\/wp-json\/wp\/v2\/product_brand?post=16244"},{"taxonomy":"product_cat","embeddable":true,"href":"http:\/\/global-meubles.be\/fr\/wp-json\/wp\/v2\/product_cat?post=16244"},{"taxonomy":"product_tag","embeddable":true,"href":"http:\/\/global-meubles.be\/fr\/wp-json\/wp\/v2\/product_tag?post=16244"}],"curies":[{"name":"wp","href":"https:\/\/api.w.org\/{rel}","templated":true}]}}