{"id":16255,"date":"2025-09-10T11:30:03","date_gmt":"2025-09-10T09:30:03","guid":{"rendered":"http:\/\/global-meubles.be\/fr\/?post_type=product&#038;p=16255"},"modified":"2025-09-10T11:30:36","modified_gmt":"2025-09-10T09:30:36","slug":"viareggio-mono","status":"publish","type":"product","link":"http:\/\/global-meubles.be\/fr\/produit\/viareggio-mono\/","title":{"rendered":"Viareggio"},"content":{"rendered":"<p>Principales mati\u00e8res:<\/p>\n<p>Enfilade:<br \/>\nC\u00f4t\u00e9s, dessus: d\u00e9cor papier sur des panneaux des particules<br \/>\nArgentier+ meuble TV et table basse: idem enfilade<br \/>\nTable<br \/>\nTiroirs : Soft close<br \/>\nPi\u00e9tement : synth\u00e9tique + m\u00e9tal poudre noir<\/p>\n<p>Dimension:<\/p>\n<p>Enfilade : L 230 cm H 90 cm P 48 cm<br \/>\nVitrine : L 134 cm H 187 cm P 48 cm<br \/>\nTable \u00e0 manger 170 cm pieds U-X-A : L 170 cm H 100 cm P 76 cm<br \/>\nTable \u00e0 manger 200 cm pieds U-X-A : L 180-230 cm H 75 cm P 100 cm<br \/>\nTable \u00e0 manger 230 cm pieds U-X-A : L 63 cm H 182 cm P 48 cm<br \/>\nMeuble tv : L 157 cm H 50 cm P 48 cm<br \/>\nTable basse pieds U-X-A : L 130 cm H 46 cm P 68 cm<\/p>\n<p>Teinte : Dark Stone + Castella<\/p>\n<p>Meubles livr\u00e9: Assembl\u00e9<\/p>\n","protected":false},"excerpt":{"rendered":"<p>Dressoir<\/p>\n<p>Vitrine<\/p>\n<p>Table \u00e0 manger 170 cm<\/p>\n","protected":false},"featured_media":16256,"comment_status":"open","ping_status":"closed","template":"","meta":[],"product_brand":[],"product_cat":[135],"product_tag":[],"class_list":{"0":"post-16255","1":"product","2":"type-product","3":"status-publish","4":"has-post-thumbnail","6":"product_cat-collection-complete","8":"first","9":"instock","10":"shipping-taxable","11":"purchasable","12":"product-type-simple"},"jetpack_sharing_enabled":true,"_links":{"self":[{"href":"http:\/\/global-meubles.be\/fr\/wp-json\/wp\/v2\/product\/16255","targetHints":{"allow":["GET"]}}],"collection":[{"href":"http:\/\/global-meubles.be\/fr\/wp-json\/wp\/v2\/product"}],"about":[{"href":"http:\/\/global-meubles.be\/fr\/wp-json\/wp\/v2\/types\/product"}],"replies":[{"embeddable":true,"href":"http:\/\/global-meubles.be\/fr\/wp-json\/wp\/v2\/comments?post=16255"}],"wp:featuredmedia":[{"embeddable":true,"href":"http:\/\/global-meubles.be\/fr\/wp-json\/wp\/v2\/media\/16256"}],"wp:attachment":[{"href":"http:\/\/global-meubles.be\/fr\/wp-json\/wp\/v2\/media?parent=16255"}],"wp:term":[{"taxonomy":"product_brand","embeddable":true,"href":"http:\/\/global-meubles.be\/fr\/wp-json\/wp\/v2\/product_brand?post=16255"},{"taxonomy":"product_cat","embeddable":true,"href":"http:\/\/global-meubles.be\/fr\/wp-json\/wp\/v2\/product_cat?post=16255"},{"taxonomy":"product_tag","embeddable":true,"href":"http:\/\/global-meubles.be\/fr\/wp-json\/wp\/v2\/product_tag?post=16255"}],"curies":[{"name":"wp","href":"https:\/\/api.w.org\/{rel}","templated":true}]}}