{"id":16269,"date":"2025-09-10T12:57:03","date_gmt":"2025-09-10T10:57:03","guid":{"rendered":"http:\/\/global-meubles.be\/fr\/?post_type=product&#038;p=16269"},"modified":"2025-09-10T12:58:28","modified_gmt":"2025-09-10T10:58:28","slug":"tyler","status":"publish","type":"product","link":"http:\/\/global-meubles.be\/fr\/produit\/tyler\/","title":{"rendered":"Tyler"},"content":{"rendered":"<p>Principales mati\u00e8res:<\/p>\n<p>Enfilade:<br \/>\nC\u00f4t\u00e9s, dessus: d\u00e9cor papier sur des panneaux des particules<br \/>\nArgentier+ meuble TV : idem enfilade<br \/>\nD\u00e9cor papier sur un panneau de particules<br \/>\nTiroirs : Soft close<br \/>\nPi\u00e9tement : synth\u00e9tique + m\u00e9tal poudre noir<\/p>\n<p>Dimension:<\/p>\n<p>Enfilade : L 194 cm H 90 cm P 46 cm<\/p>\n<p>Enfilade : L 243 cm H 90 cm P 46 cm<br \/>\nBar : L 116 cm H 185 cm P 46 cm<\/p>\n<p>Table \u00e0 manger 170 Bridge Leg : L 170 cm H 77 cm P 100 cm<br \/>\nTable \u00e0 manger 200 Bridge Leg : L 200 cm H 77 cm P 100 cm<br \/>\nTable \u00e0 manger 230 Bridge Leg : L 230 cm H 77 cm P 100 cm<\/p>\n<p>Table ronde 130 pied central : L 130 cm H 77 cm P 130 cm<br \/>\nTable ronde 150 pied central : L 150 cm H 77 cm P 150 cm<\/p>\n<p>Meuble tv : L 163 cm H 56 cm P 46 cm<br \/>\nTable basse : L 130 cm H 70 cm P 45 cm<\/p>\n<p>Teinte : Urban oak<\/p>\n<p>Meubles livr\u00e9: Assembl\u00e9<\/p>\n","protected":false},"excerpt":{"rendered":"<p>Dressoir\u00a0 194 cm<\/p>\n<p>Bar<\/p>\n<p>Table \u00e0 manger 170 cm<\/p>\n","protected":false},"featured_media":16271,"comment_status":"open","ping_status":"closed","template":"","meta":[],"product_brand":[],"product_cat":[135],"product_tag":[],"class_list":{"0":"post-16269","1":"product","2":"type-product","3":"status-publish","4":"has-post-thumbnail","6":"product_cat-collection-complete","8":"first","9":"instock","10":"shipping-taxable","11":"purchasable","12":"product-type-simple"},"jetpack_sharing_enabled":true,"_links":{"self":[{"href":"http:\/\/global-meubles.be\/fr\/wp-json\/wp\/v2\/product\/16269","targetHints":{"allow":["GET"]}}],"collection":[{"href":"http:\/\/global-meubles.be\/fr\/wp-json\/wp\/v2\/product"}],"about":[{"href":"http:\/\/global-meubles.be\/fr\/wp-json\/wp\/v2\/types\/product"}],"replies":[{"embeddable":true,"href":"http:\/\/global-meubles.be\/fr\/wp-json\/wp\/v2\/comments?post=16269"}],"wp:featuredmedia":[{"embeddable":true,"href":"http:\/\/global-meubles.be\/fr\/wp-json\/wp\/v2\/media\/16271"}],"wp:attachment":[{"href":"http:\/\/global-meubles.be\/fr\/wp-json\/wp\/v2\/media?parent=16269"}],"wp:term":[{"taxonomy":"product_brand","embeddable":true,"href":"http:\/\/global-meubles.be\/fr\/wp-json\/wp\/v2\/product_brand?post=16269"},{"taxonomy":"product_cat","embeddable":true,"href":"http:\/\/global-meubles.be\/fr\/wp-json\/wp\/v2\/product_cat?post=16269"},{"taxonomy":"product_tag","embeddable":true,"href":"http:\/\/global-meubles.be\/fr\/wp-json\/wp\/v2\/product_tag?post=16269"}],"curies":[{"name":"wp","href":"https:\/\/api.w.org\/{rel}","templated":true}]}}