{"id":16298,"date":"2025-09-22T14:27:42","date_gmt":"2025-09-22T12:27:42","guid":{"rendered":"https:\/\/global-meubles.be\/fr\/?post_type=product&#038;p=16298"},"modified":"2025-09-22T14:59:14","modified_gmt":"2025-09-22T12:59:14","slug":"toby","status":"publish","type":"product","link":"http:\/\/global-meubles.be\/fr\/produit\/toby\/","title":{"rendered":"Toby"},"content":{"rendered":"<p>Enfilade:<br \/>\nC\u00f4t\u00e9s, dessus: d\u00e9cor papier sur des panneaux des particules<br \/>\nArgentier+ meuble TV : idem enfilade<br \/>\nD\u00e9cor papier sur un panneau de particules<br \/>\nTiroirs : Soft close<\/p>\n<p>Dimension:<\/p>\n<p>Enfilade : L 225 cm H 90 cm P 46 cm<\/p>\n<p>Vitrine : L 120 cm H 188 cm P 46 cm<\/p>\n<p>Table \u00e0 manger 170 Bridge Leg ou A-U-X : L 170 cm H 77 cm P 100 cm<br \/>\nTable \u00e0 manger 200 Bridge Leg ou A-U-X : L 200 cm H 77 cm P 100 cm<br \/>\nTable \u00e0 manger 230 Bridge Leg ou A-U-X : L 230 cm H 77 cm P 100 cm<\/p>\n<p>Table Ovale 200 Pieds arraign\u00e9 &#8211; \u00e9toile : L 200 cm H 77 cm P 100 cm<br \/>\nTable Ovale 230 Pieds arraign\u00e9 &#8211; \u00e9toile : L 230 cm H 77 cm P 119 cm<\/p>\n<p>Meuble Tv : L 172 cm H 55 cm P 46 cm<br \/>\nTable basse : L 130 cm H 70 cm P 45 cm<\/p>\n<p>Teinte : Castella<\/p>\n<p>Meubles livr\u00e9: Assembl\u00e9<\/p>\n","protected":false},"excerpt":{"rendered":"<p>Dressoir\u00a0 225 cm<\/p>\n<p>Argentier<\/p>\n<p>Table \u00e0 manger 170 cm<\/p>\n","protected":false},"featured_media":16299,"comment_status":"open","ping_status":"closed","template":"","meta":[],"product_brand":[],"product_cat":[135],"product_tag":[],"class_list":{"0":"post-16298","1":"product","2":"type-product","3":"status-publish","4":"has-post-thumbnail","6":"product_cat-collection-complete","8":"first","9":"instock","10":"shipping-taxable","11":"purchasable","12":"product-type-simple"},"jetpack_sharing_enabled":true,"_links":{"self":[{"href":"http:\/\/global-meubles.be\/fr\/wp-json\/wp\/v2\/product\/16298","targetHints":{"allow":["GET"]}}],"collection":[{"href":"http:\/\/global-meubles.be\/fr\/wp-json\/wp\/v2\/product"}],"about":[{"href":"http:\/\/global-meubles.be\/fr\/wp-json\/wp\/v2\/types\/product"}],"replies":[{"embeddable":true,"href":"http:\/\/global-meubles.be\/fr\/wp-json\/wp\/v2\/comments?post=16298"}],"wp:featuredmedia":[{"embeddable":true,"href":"http:\/\/global-meubles.be\/fr\/wp-json\/wp\/v2\/media\/16299"}],"wp:attachment":[{"href":"http:\/\/global-meubles.be\/fr\/wp-json\/wp\/v2\/media?parent=16298"}],"wp:term":[{"taxonomy":"product_brand","embeddable":true,"href":"http:\/\/global-meubles.be\/fr\/wp-json\/wp\/v2\/product_brand?post=16298"},{"taxonomy":"product_cat","embeddable":true,"href":"http:\/\/global-meubles.be\/fr\/wp-json\/wp\/v2\/product_cat?post=16298"},{"taxonomy":"product_tag","embeddable":true,"href":"http:\/\/global-meubles.be\/fr\/wp-json\/wp\/v2\/product_tag?post=16298"}],"curies":[{"name":"wp","href":"https:\/\/api.w.org\/{rel}","templated":true}]}}