{"id":16315,"date":"2025-09-22T15:11:07","date_gmt":"2025-09-22T13:11:07","guid":{"rendered":"https:\/\/global-meubles.be\/fr\/?post_type=product&#038;p=16315"},"modified":"2025-09-22T15:11:22","modified_gmt":"2025-09-22T13:11:22","slug":"santos","status":"publish","type":"product","link":"http:\/\/global-meubles.be\/fr\/produit\/santos\/","title":{"rendered":"Santos"},"content":{"rendered":"<p>Enfilade:<br \/>\nC\u00f4t\u00e9s, dessus: d\u00e9cor papier sur des panneaux des particules<br \/>\nArgentier+ meuble TV : idem enfilade<br \/>\nD\u00e9cor papier sur un panneau de particules<br \/>\nTiroirs : Soft close<\/p>\n<p>Dimension:<\/p>\n<p>Enfilade : L 220 cm H 93 cm P 48 cm<\/p>\n<p>Vitrine : L 120 cm H 195 cm P 48 cm<\/p>\n<p>Table \u00e0 manger 200 Pieds A-U-X : L 200 cm H 76 cm P 100 cm<\/p>\n<p>Meuble Tv : L 170 cm H 54 cm P 45 cm<br \/>\nTable basse : L 115 cm H 65 cm P 40 cm<\/p>\n<p>Teinte : Canyon oak<\/p>\n<p>Meubles livr\u00e9: Assembl\u00e9<\/p>\n","protected":false},"excerpt":{"rendered":"<p>Dressoir\u00a0 220 cm<\/p>\n<p>Argentier<\/p>\n<p>Table \u00e0 manger 200 cm<\/p>\n","protected":false},"featured_media":16316,"comment_status":"open","ping_status":"closed","template":"","meta":[],"product_brand":[],"product_cat":[135],"product_tag":[],"class_list":{"0":"post-16315","1":"product","2":"type-product","3":"status-publish","4":"has-post-thumbnail","6":"product_cat-collection-complete","8":"first","9":"instock","10":"shipping-taxable","11":"purchasable","12":"product-type-simple"},"jetpack_sharing_enabled":true,"_links":{"self":[{"href":"http:\/\/global-meubles.be\/fr\/wp-json\/wp\/v2\/product\/16315","targetHints":{"allow":["GET"]}}],"collection":[{"href":"http:\/\/global-meubles.be\/fr\/wp-json\/wp\/v2\/product"}],"about":[{"href":"http:\/\/global-meubles.be\/fr\/wp-json\/wp\/v2\/types\/product"}],"replies":[{"embeddable":true,"href":"http:\/\/global-meubles.be\/fr\/wp-json\/wp\/v2\/comments?post=16315"}],"wp:featuredmedia":[{"embeddable":true,"href":"http:\/\/global-meubles.be\/fr\/wp-json\/wp\/v2\/media\/16316"}],"wp:attachment":[{"href":"http:\/\/global-meubles.be\/fr\/wp-json\/wp\/v2\/media?parent=16315"}],"wp:term":[{"taxonomy":"product_brand","embeddable":true,"href":"http:\/\/global-meubles.be\/fr\/wp-json\/wp\/v2\/product_brand?post=16315"},{"taxonomy":"product_cat","embeddable":true,"href":"http:\/\/global-meubles.be\/fr\/wp-json\/wp\/v2\/product_cat?post=16315"},{"taxonomy":"product_tag","embeddable":true,"href":"http:\/\/global-meubles.be\/fr\/wp-json\/wp\/v2\/product_tag?post=16315"}],"curies":[{"name":"wp","href":"https:\/\/api.w.org\/{rel}","templated":true}]}}