{"id":16334,"date":"2025-09-22T15:55:48","date_gmt":"2025-09-22T13:55:48","guid":{"rendered":"https:\/\/global-meubles.be\/fr\/?post_type=product&#038;p=16334"},"modified":"2025-09-22T16:06:56","modified_gmt":"2025-09-22T14:06:56","slug":"iconic","status":"publish","type":"product","link":"http:\/\/global-meubles.be\/fr\/produit\/iconic\/","title":{"rendered":"Iconic"},"content":{"rendered":"<p>Plateau en c\u00e9ramique:\u00a0 Anti-rayure, Forte r\u00e9sistance \u00e0 la chaleur Pi\u00e9tement MDF<\/p>\n<p>Dimension :<\/p>\n<p>L 180 cm H 75 cm P 90 cm<\/p>\n<p>Coloris : Plusieurs coloris<\/p>\n","protected":false},"excerpt":{"rendered":"<p>Table \u00e0 manger 180 cm<\/p>\n","protected":false},"featured_media":16335,"comment_status":"open","ping_status":"closed","template":"","meta":[],"product_brand":[],"product_cat":[139],"product_tag":[],"class_list":{"0":"post-16334","1":"product","2":"type-product","3":"status-publish","4":"has-post-thumbnail","6":"product_cat-table-a-manger","8":"first","9":"instock","10":"shipping-taxable","11":"purchasable","12":"product-type-simple"},"jetpack_sharing_enabled":true,"_links":{"self":[{"href":"http:\/\/global-meubles.be\/fr\/wp-json\/wp\/v2\/product\/16334","targetHints":{"allow":["GET"]}}],"collection":[{"href":"http:\/\/global-meubles.be\/fr\/wp-json\/wp\/v2\/product"}],"about":[{"href":"http:\/\/global-meubles.be\/fr\/wp-json\/wp\/v2\/types\/product"}],"replies":[{"embeddable":true,"href":"http:\/\/global-meubles.be\/fr\/wp-json\/wp\/v2\/comments?post=16334"}],"wp:featuredmedia":[{"embeddable":true,"href":"http:\/\/global-meubles.be\/fr\/wp-json\/wp\/v2\/media\/16335"}],"wp:attachment":[{"href":"http:\/\/global-meubles.be\/fr\/wp-json\/wp\/v2\/media?parent=16334"}],"wp:term":[{"taxonomy":"product_brand","embeddable":true,"href":"http:\/\/global-meubles.be\/fr\/wp-json\/wp\/v2\/product_brand?post=16334"},{"taxonomy":"product_cat","embeddable":true,"href":"http:\/\/global-meubles.be\/fr\/wp-json\/wp\/v2\/product_cat?post=16334"},{"taxonomy":"product_tag","embeddable":true,"href":"http:\/\/global-meubles.be\/fr\/wp-json\/wp\/v2\/product_tag?post=16334"}],"curies":[{"name":"wp","href":"https:\/\/api.w.org\/{rel}","templated":true}]}}