{"id":16352,"date":"2025-09-23T12:53:21","date_gmt":"2025-09-23T10:53:21","guid":{"rendered":"https:\/\/global-meubles.be\/fr\/?post_type=product&#038;p=16352"},"modified":"2025-09-23T12:53:25","modified_gmt":"2025-09-23T10:53:25","slug":"bergamo","status":"publish","type":"product","link":"http:\/\/global-meubles.be\/fr\/produit\/bergamo\/","title":{"rendered":"Bergamo"},"content":{"rendered":"<p>Dimension :<\/p>\n<p>160\u00d7200 cm<\/p>\n<p>Lit 160&#215;200 cm avec sommier \u00e0 lattes et coffre int\u00e9gr\u00e9<\/p>\n<p>Coloris : Tissu Anthracite<\/p>\n","protected":false},"excerpt":{"rendered":"<p>Lit coffre 160 cm<\/p>\n","protected":false},"featured_media":16353,"comment_status":"open","ping_status":"closed","template":"","meta":[],"product_brand":[],"product_cat":[141],"product_tag":[],"class_list":{"0":"post-16352","1":"product","2":"type-product","3":"status-publish","4":"has-post-thumbnail","6":"product_cat-lit-2-personnes","8":"first","9":"instock","10":"shipping-taxable","11":"purchasable","12":"product-type-simple"},"jetpack_sharing_enabled":true,"_links":{"self":[{"href":"http:\/\/global-meubles.be\/fr\/wp-json\/wp\/v2\/product\/16352","targetHints":{"allow":["GET"]}}],"collection":[{"href":"http:\/\/global-meubles.be\/fr\/wp-json\/wp\/v2\/product"}],"about":[{"href":"http:\/\/global-meubles.be\/fr\/wp-json\/wp\/v2\/types\/product"}],"replies":[{"embeddable":true,"href":"http:\/\/global-meubles.be\/fr\/wp-json\/wp\/v2\/comments?post=16352"}],"wp:featuredmedia":[{"embeddable":true,"href":"http:\/\/global-meubles.be\/fr\/wp-json\/wp\/v2\/media\/16353"}],"wp:attachment":[{"href":"http:\/\/global-meubles.be\/fr\/wp-json\/wp\/v2\/media?parent=16352"}],"wp:term":[{"taxonomy":"product_brand","embeddable":true,"href":"http:\/\/global-meubles.be\/fr\/wp-json\/wp\/v2\/product_brand?post=16352"},{"taxonomy":"product_cat","embeddable":true,"href":"http:\/\/global-meubles.be\/fr\/wp-json\/wp\/v2\/product_cat?post=16352"},{"taxonomy":"product_tag","embeddable":true,"href":"http:\/\/global-meubles.be\/fr\/wp-json\/wp\/v2\/product_tag?post=16352"}],"curies":[{"name":"wp","href":"https:\/\/api.w.org\/{rel}","templated":true}]}}