{"id":9959,"date":"2022-03-23T16:18:04","date_gmt":"2022-03-23T15:18:04","guid":{"rendered":"http:\/\/global-meubles.be\/fr\/?post_type=product&#038;p=9959"},"modified":"2022-04-09T17:44:00","modified_gmt":"2022-04-09T15:44:00","slug":"hanna-2","status":"publish","type":"product","link":"http:\/\/global-meubles.be\/fr\/produit\/hanna-2\/","title":{"rendered":"Hanna"},"content":{"rendered":"<p>Dimension :<\/p>\n<p>Armoire 2 portes : L 101 cm H 210 cm P 63 cm<\/p>\n<p>Armoire 3 portes : L 151 cm H 210 cm P 63 cm<\/p>\n<p>Lit : L 98 cm H 100 cm P 206 cm<\/p>\n<p>Lit : L 128 cm H 100 cm P 206 cm<\/p>\n<p>Chevet : L 55 cm H 58 cm P 44 cm<\/p>\n<p>Commode : L 86 cm H 72 cm P 44 cm<\/p>\n<p>Dessus commode : L 86 cm H 138 cm P 36 cm<\/p>\n<p>Bureau : L 136 cm H 72 cm P 66 cm<\/p>\n<p>Teinte : Ch\u00eane d&#8217;\u00e9t\u00e9<\/p>\n","protected":false},"excerpt":{"rendered":"<p>Chambre de jeune :<\/p>\n<p>Armoire 2 portes<\/p>\n<p>Lit 90\u00d7200 cm<\/p>\n<p>Chevet<\/p>\n","protected":false},"featured_media":9960,"comment_status":"open","ping_status":"closed","template":"","meta":[],"product_brand":[],"product_cat":[130,131],"product_tag":[],"class_list":{"0":"post-9959","1":"product","2":"type-product","3":"status-publish","4":"has-post-thumbnail","6":"product_cat-chambre-a-coucher","7":"product_cat-chambre-enfant-et-jeune","9":"first","10":"instock","11":"shipping-taxable","12":"purchasable","13":"product-type-simple"},"jetpack_sharing_enabled":true,"_links":{"self":[{"href":"http:\/\/global-meubles.be\/fr\/wp-json\/wp\/v2\/product\/9959","targetHints":{"allow":["GET"]}}],"collection":[{"href":"http:\/\/global-meubles.be\/fr\/wp-json\/wp\/v2\/product"}],"about":[{"href":"http:\/\/global-meubles.be\/fr\/wp-json\/wp\/v2\/types\/product"}],"replies":[{"embeddable":true,"href":"http:\/\/global-meubles.be\/fr\/wp-json\/wp\/v2\/comments?post=9959"}],"wp:featuredmedia":[{"embeddable":true,"href":"http:\/\/global-meubles.be\/fr\/wp-json\/wp\/v2\/media\/9960"}],"wp:attachment":[{"href":"http:\/\/global-meubles.be\/fr\/wp-json\/wp\/v2\/media?parent=9959"}],"wp:term":[{"taxonomy":"product_brand","embeddable":true,"href":"http:\/\/global-meubles.be\/fr\/wp-json\/wp\/v2\/product_brand?post=9959"},{"taxonomy":"product_cat","embeddable":true,"href":"http:\/\/global-meubles.be\/fr\/wp-json\/wp\/v2\/product_cat?post=9959"},{"taxonomy":"product_tag","embeddable":true,"href":"http:\/\/global-meubles.be\/fr\/wp-json\/wp\/v2\/product_tag?post=9959"}],"curies":[{"name":"wp","href":"https:\/\/api.w.org\/{rel}","templated":true}]}}